{"id":2628,"date":"2014-06-20T00:09:11","date_gmt":"2014-06-20T07:09:11","guid":{"rendered":"http:\/\/www.andreiromanenko.com\/?page_id=2628"},"modified":"2021-10-22T12:23:20","modified_gmt":"2021-10-22T19:23:20","slug":"como-eligir-abogado-de-inmigracion","status":"publish","type":"page","link":"https:\/\/andreiromanenko.com\/ru\/como-eligir-abogado-de-inmigracion\/","title":{"rendered":"C\u00f3mo elegir un abogado de inmigracion"},"content":{"rendered":"<p><span style=\"font-family: verdana, geneva, sans-serif; font-size: 12pt;\"><\/span><br \/>\n<span style=\"font-family: verdana, geneva, sans-serif; font-size: 12pt;\"><\/span><\/p>","protected":false},"excerpt":{"rendered":"","protected":false},"author":2,"featured_media":0,"parent":0,"menu_order":0,"comment_status":"open","ping_status":"closed","template":"","meta":{"_kad_post_transparent":"","_kad_post_title":"","_kad_post_layout":"","_kad_post_sidebar_id":"","_kad_post_content_style":"","_kad_post_vertical_padding":"","_kad_post_feature":"","_kad_post_feature_position":"","_kad_post_header":false,"_kad_post_footer":false,"_kad_post_classname":"","footnotes":""},"class_list":["post-2628","page","type-page","status-publish","hentry"],"yoast_head":"<!-- This site is optimized with the Yoast SEO plugin v27.4 - https:\/\/yoast.com\/product\/yoast-seo-wordpress\/ -->\n<title>abogado de inmigracion en San Francisco | Andrei Romanenko | asilo<\/title>\n<meta name=\"description\" content=\"Preg\u00fantele al abogado de inmigraci\u00f3n s\u00ed es un miembro del Colegio de Abogados, y obtener su n\u00famero de registro con la Barra de Abogados.\" \/>\n<meta name=\"robots\" content=\"index, follow, max-snippet:-1, max-image-preview:large, max-video-preview:-1\" \/>\n<link rel=\"canonical\" href=\"https:\/\/andreiromanenko.com\/ru\/como-eligir-abogado-de-inmigracion\/\" \/>\n<meta property=\"og:locale\" content=\"ru_RU\" \/>\n<meta property=\"og:type\" content=\"article\" \/>\n<meta property=\"og:title\" content=\"abogado de inmigracion en San Francisco | Andrei Romanenko | asilo\" \/>\n<meta property=\"og:description\" content=\"Preg\u00fantele al abogado de inmigraci\u00f3n s\u00ed es un miembro del Colegio de Abogados, y obtener su n\u00famero de registro con la Barra de Abogados.\" \/>\n<meta property=\"og:url\" content=\"https:\/\/andreiromanenko.com\/ru\/como-eligir-abogado-de-inmigracion\/\" \/>\n<meta property=\"og:site_name\" content=\"\u0410\u0434\u0432\u043e\u043a\u0430\u0442 \u0410\u043d\u0434\u0440\u0435\u0439 \u0420\u043e\u043c\u0430\u043d\u0435\u043d\u043a\u043e\" \/>\n<meta property=\"article:publisher\" content=\"https:\/\/www.facebook.com\/ramanenka\" \/>\n<meta property=\"article:modified_time\" content=\"2021-10-22T19:23:20+00:00\" \/>\n<meta property=\"og:image\" content=\"http:\/\/www.andreiromanenko.com\/wp-content\/themes\/eBusiness\/images\/choose-slider.jpg\" \/>\n<meta name=\"twitter:card\" content=\"summary_large_image\" \/>\n<meta name=\"twitter:label1\" content=\"\u041f\u0440\u0438\u043c\u0435\u0440\u043d\u043e\u0435 \u0432\u0440\u0435\u043c\u044f \u0434\u043b\u044f \u0447\u0442\u0435\u043d\u0438\u044f\" \/>\n\t<meta name=\"twitter:data1\" content=\"21 \u043c\u0438\u043d\u0443\u0442\u0430\" \/>\n<script type=\"application\/ld+json\" class=\"yoast-schema-graph\">{\"@context\":\"https:\\\/\\\/schema.org\",\"@graph\":[{\"@type\":\"WebPage\",\"@id\":\"https:\\\/\\\/andreiromanenko.com\\\/ru\\\/como-eligir-abogado-de-inmigracion\\\/\",\"url\":\"https:\\\/\\\/andreiromanenko.com\\\/ru\\\/como-eligir-abogado-de-inmigracion\\\/\",\"name\":\"abogado de inmigracion en San Francisco | Andrei Romanenko | asilo\",\"isPartOf\":{\"@id\":\"https:\\\/\\\/andreiromanenko.com\\\/ru\\\/#website\"},\"primaryImageOfPage\":{\"@id\":\"https:\\\/\\\/andreiromanenko.com\\\/ru\\\/como-eligir-abogado-de-inmigracion\\\/#primaryimage\"},\"image\":{\"@id\":\"https:\\\/\\\/andreiromanenko.com\\\/es\\\/como-eligir-abogado-de-inmigracion\\\/#primaryimage\"},\"thumbnailUrl\":\"http:\\\/\\\/www.andreiromanenko.com\\\/wp-content\\\/themes\\\/eBusiness\\\/images\\\/choose-slider.jpg\",\"datePublished\":\"2014-06-20T07:09:11+00:00\",\"dateModified\":\"2021-10-22T19:23:20+00:00\",\"description\":\"Preg\u00fantele al abogado de inmigraci\u00f3n s\u00ed es un miembro del Colegio de Abogados, y obtener su n\u00famero de registro con la Barra de Abogados.\",\"inLanguage\":\"ru-RU\",\"potentialAction\":[{\"@type\":\"ReadAction\",\"target\":[[\"https:\\\/\\\/andreiromanenko.com\\\/ru\\\/como-eligir-abogado-de-inmigracion\\\/\"]]}]},{\"@type\":\"ImageObject\",\"inLanguage\":\"ru-RU\",\"@id\":\"https:\\\/\\\/andreiromanenko.com\\\/ru\\\/como-eligir-abogado-de-inmigracion\\\/#primaryimage\",\"url\":\"http:\\\/\\\/www.andreiromanenko.com\\\/wp-content\\\/themes\\\/eBusiness\\\/images\\\/choose-slider.jpg\",\"contentUrl\":\"http:\\\/\\\/www.andreiromanenko.com\\\/wp-content\\\/themes\\\/eBusiness\\\/images\\\/choose-slider.jpg\"},{\"@type\":\"WebSite\",\"@id\":\"https:\\\/\\\/andreiromanenko.com\\\/ru\\\/#website\",\"url\":\"https:\\\/\\\/andreiromanenko.com\\\/ru\\\/\",\"name\":\"\u0410\u0434\u0432\u043e\u043a\u0430\u0442 \u0410\u043d\u0434\u0440\u0435\u0439 \u0420\u043e\u043c\u0430\u043d\u0435\u043d\u043a\u043e\",\"description\":\"\",\"potentialAction\":[{\"@type\":\"SearchAction\",\"target\":{\"@type\":\"EntryPoint\",\"urlTemplate\":\"https:\\\/\\\/andreiromanenko.com\\\/ru\\\/?s={search_term_string}\"},\"query-input\":{\"@type\":\"PropertyValueSpecification\",\"valueRequired\":true,\"valueName\":\"search_term_string\"}}],\"inLanguage\":\"ru-RU\"}]}<\/script>\n<!-- \/ Yoast SEO plugin. -->","yoast_head_json":{"title":"abogado de inmigracion en San Francisco | Andrei Romanenko | asilo","description":"Preg\u00fantele al abogado de inmigraci\u00f3n s\u00ed es un miembro del Colegio de Abogados, y obtener su n\u00famero de registro con la Barra de Abogados.","robots":{"index":"index","follow":"follow","max-snippet":"max-snippet:-1","max-image-preview":"max-image-preview:large","max-video-preview":"max-video-preview:-1"},"canonical":"https:\/\/andreiromanenko.com\/ru\/como-eligir-abogado-de-inmigracion\/","og_locale":"ru_RU","og_type":"article","og_title":"abogado de inmigracion en San Francisco | Andrei Romanenko | asilo","og_description":"Preg\u00fantele al abogado de inmigraci\u00f3n s\u00ed es un miembro del Colegio de Abogados, y obtener su n\u00famero de registro con la Barra de Abogados.","og_url":"https:\/\/andreiromanenko.com\/ru\/como-eligir-abogado-de-inmigracion\/","og_site_name":"\u0410\u0434\u0432\u043e\u043a\u0430\u0442 \u0410\u043d\u0434\u0440\u0435\u0439 \u0420\u043e\u043c\u0430\u043d\u0435\u043d\u043a\u043e","article_publisher":"https:\/\/www.facebook.com\/ramanenka","article_modified_time":"2021-10-22T19:23:20+00:00","og_image":[{"url":"http:\/\/www.andreiromanenko.com\/wp-content\/themes\/eBusiness\/images\/choose-slider.jpg","type":"","width":"","height":""}],"twitter_card":"summary_large_image","twitter_misc":{"\u041f\u0440\u0438\u043c\u0435\u0440\u043d\u043e\u0435 \u0432\u0440\u0435\u043c\u044f \u0434\u043b\u044f \u0447\u0442\u0435\u043d\u0438\u044f":"21 \u043c\u0438\u043d\u0443\u0442\u0430"},"schema":{"@context":"https:\/\/schema.org","@graph":[{"@type":"WebPage","@id":"https:\/\/andreiromanenko.com\/ru\/como-eligir-abogado-de-inmigracion\/","url":"https:\/\/andreiromanenko.com\/ru\/como-eligir-abogado-de-inmigracion\/","name":"abogado de inmigracion en San Francisco | Andrei Romanenko | asilo","isPartOf":{"@id":"https:\/\/andreiromanenko.com\/ru\/#website"},"primaryImageOfPage":{"@id":"https:\/\/andreiromanenko.com\/ru\/como-eligir-abogado-de-inmigracion\/#primaryimage"},"image":{"@id":"https:\/\/andreiromanenko.com\/es\/como-eligir-abogado-de-inmigracion\/#primaryimage"},"thumbnailUrl":"http:\/\/www.andreiromanenko.com\/wp-content\/themes\/eBusiness\/images\/choose-slider.jpg","datePublished":"2014-06-20T07:09:11+00:00","dateModified":"2021-10-22T19:23:20+00:00","description":"Preg\u00fantele al abogado de inmigraci\u00f3n s\u00ed es un miembro del Colegio de Abogados, y obtener su n\u00famero de registro con la Barra de Abogados.","inLanguage":"ru-RU","potentialAction":[{"@type":"ReadAction","target":[["https:\/\/andreiromanenko.com\/ru\/como-eligir-abogado-de-inmigracion\/"]]}]},{"@type":"ImageObject","inLanguage":"ru-RU","@id":"https:\/\/andreiromanenko.com\/ru\/como-eligir-abogado-de-inmigracion\/#primaryimage","url":"http:\/\/www.andreiromanenko.com\/wp-content\/themes\/eBusiness\/images\/choose-slider.jpg","contentUrl":"http:\/\/www.andreiromanenko.com\/wp-content\/themes\/eBusiness\/images\/choose-slider.jpg"},{"@type":"WebSite","@id":"https:\/\/andreiromanenko.com\/ru\/#website","url":"https:\/\/andreiromanenko.com\/ru\/","name":"\u0410\u0434\u0432\u043e\u043a\u0430\u0442 \u0410\u043d\u0434\u0440\u0435\u0439 \u0420\u043e\u043c\u0430\u043d\u0435\u043d\u043a\u043e","description":"","potentialAction":[{"@type":"SearchAction","target":{"@type":"EntryPoint","urlTemplate":"https:\/\/andreiromanenko.com\/ru\/?s={search_term_string}"},"query-input":{"@type":"PropertyValueSpecification","valueRequired":true,"valueName":"search_term_string"}}],"inLanguage":"ru-RU"}]}},"jetpack_sharing_enabled":true,"_links":{"self":[{"href":"https:\/\/andreiromanenko.com\/ru\/wp-json\/wp\/v2\/pages\/2628","targetHints":{"allow":["GET"]}}],"collection":[{"href":"https:\/\/andreiromanenko.com\/ru\/wp-json\/wp\/v2\/pages"}],"about":[{"href":"https:\/\/andreiromanenko.com\/ru\/wp-json\/wp\/v2\/types\/page"}],"author":[{"embeddable":true,"href":"https:\/\/andreiromanenko.com\/ru\/wp-json\/wp\/v2\/users\/2"}],"replies":[{"embeddable":true,"href":"https:\/\/andreiromanenko.com\/ru\/wp-json\/wp\/v2\/comments?post=2628"}],"version-history":[{"count":67,"href":"https:\/\/andreiromanenko.com\/ru\/wp-json\/wp\/v2\/pages\/2628\/revisions"}],"predecessor-version":[{"id":9360,"href":"https:\/\/andreiromanenko.com\/ru\/wp-json\/wp\/v2\/pages\/2628\/revisions\/9360"}],"wp:attachment":[{"href":"https:\/\/andreiromanenko.com\/ru\/wp-json\/wp\/v2\/media?parent=2628"}],"curies":[{"name":"wp","href":"https:\/\/api.w.org\/{rel}","templated":true}]}}