{"id":574,"date":"2013-01-28T08:24:12","date_gmt":"2013-01-28T08:24:12","guid":{"rendered":"http:\/\/andreiromanenko.com\/?page_id=574"},"modified":"2018-05-25T12:18:29","modified_gmt":"2018-05-25T19:18:29","slug":"about-us","status":"publish","type":"page","link":"https:\/\/andreiromanenko.com\/es\/about-us\/","title":{"rendered":"Qui\u00e9nes somos"},"content":{"rendered":"<p><span data-mce-type=\"bookmark\" style=\"display: inline-block; width: 0px; overflow: hidden; line-height: 0;\" class=\"mce_SELRES_start\">\ufeff<\/span><\/p>\n<p><img data-recalc-dims=\"1\" decoding=\"async\" class=\"alignleft\" src=\"https:\/\/i0.wp.com\/www.andreiromanenko.com\/wp-content\/uploads\/ar-photo1.jpg?w=1290\" alt=\"\" \/><span style=\"font-family: verdana, geneva; font-size: 14px;\">Andrei Romanenko es un abogado de inmigraci\u00f3n en los Estados Unidos, miembro del Colegio de Abogados de California. \u00c9l tiene <a href=\"http:\/\/members.calbar.ca.gov\/fal\/Member\/Detail\/279134\">licencia<\/a> para practicar en el Estado de California y se puede practicar la ley de inmigraci\u00f3n en todos los cincuenta estados.<\/span> <span style=\"font-family: verdana, geneva; font-size: 14px;\"><strong>EDUCACI\u00d3N:<\/strong><\/span> <span style=\"font-family: verdana, geneva; font-size: 14px;\">Andrei recibi\u00f3 su Doctorado en Jurisprudencia en la Facultad de Derecho de <a href=\"http:\/\/www.law.berkeley.edu\">Berkeley<\/a>, uno de los colegios m\u00e1s prestigiosas de EE.UU. \u00a0<a lang=\"es\" href=\"http:\/\/www.andreiromanenko.com\/es\/quienes-somos\/\">(leer m\u00e1s&#8230;)<\/a><\/span><\/p>\n<p><\/p>","protected":false},"excerpt":{"rendered":"<p>\ufeff Andrei Romanenko es un abogado de inmigraci\u00f3n en los Estados Unidos, miembro del Colegio de Abogados de California. \u00c9l tiene licencia para practicar en el Estado de California y se puede practicar la ley de inmigraci\u00f3n en todos los cincuenta estados. EDUCACI\u00d3N: Andrei recibi\u00f3 su Doctorado en Jurisprudencia en la Facultad de Derecho de&#8230;<\/p>\n","protected":false},"author":2,"featured_media":0,"parent":0,"menu_order":0,"comment_status":"open","ping_status":"closed","template":"","meta":{"_kad_post_transparent":"","_kad_post_title":"","_kad_post_layout":"","_kad_post_sidebar_id":"","_kad_post_content_style":"","_kad_post_vertical_padding":"","_kad_post_feature":"","_kad_post_feature_position":"","_kad_post_header":false,"_kad_post_footer":false,"_kad_post_classname":"","footnotes":""},"class_list":["post-574","page","type-page","status-publish","hentry"],"yoast_head":"<!-- This site is optimized with the Yoast SEO plugin v27.4 - https:\/\/yoast.com\/product\/yoast-seo-wordpress\/ -->\n<title>About attorney Andrei Romanenko<\/title>\n<meta name=\"description\" content=\"Andrei Romanenko is a licensed attorney in the United States, a member of the State Bar of California.\" \/>\n<meta name=\"robots\" content=\"index, follow, max-snippet:-1, max-image-preview:large, max-video-preview:-1\" \/>\n<link rel=\"canonical\" href=\"https:\/\/andreiromanenko.com\/es\/about-us\/\" \/>\n<meta property=\"og:locale\" content=\"es_ES\" \/>\n<meta property=\"og:type\" content=\"article\" \/>\n<meta property=\"og:title\" content=\"About attorney Andrei Romanenko\" \/>\n<meta property=\"og:description\" content=\"Andrei Romanenko is a licensed attorney in the United States, a member of the State Bar of California.\" \/>\n<meta property=\"og:url\" content=\"https:\/\/andreiromanenko.com\/es\/about-us\/\" \/>\n<meta property=\"og:site_name\" content=\"Abogado Andrei Romanenko\" \/>\n<meta property=\"article:publisher\" content=\"https:\/\/www.facebook.com\/ramanenka\" \/>\n<meta property=\"article:modified_time\" content=\"2018-05-25T19:18:29+00:00\" \/>\n<meta property=\"og:image\" content=\"http:\/\/www.andreiromanenko.com\/wp-content\/uploads\/ar-photo1.jpg\" \/>\n<meta name=\"twitter:card\" content=\"summary_large_image\" \/>\n<meta name=\"twitter:label1\" content=\"Tiempo de lectura\" \/>\n\t<meta name=\"twitter:data1\" content=\"1 minuto\" \/>\n<script type=\"application\/ld+json\" class=\"yoast-schema-graph\">{\"@context\":\"https:\\\/\\\/schema.org\",\"@graph\":[{\"@type\":\"WebPage\",\"@id\":\"https:\\\/\\\/andreiromanenko.com\\\/es\\\/about-us\\\/\",\"url\":\"https:\\\/\\\/andreiromanenko.com\\\/es\\\/about-us\\\/\",\"name\":\"About attorney Andrei Romanenko\",\"isPartOf\":{\"@id\":\"https:\\\/\\\/andreiromanenko.com\\\/es\\\/#website\"},\"primaryImageOfPage\":{\"@id\":\"https:\\\/\\\/andreiromanenko.com\\\/es\\\/about-us\\\/#primaryimage\"},\"image\":{\"@id\":\"https:\\\/\\\/andreiromanenko.com\\\/about-us\\\/#primaryimage\"},\"thumbnailUrl\":\"http:\\\/\\\/www.andreiromanenko.com\\\/wp-content\\\/uploads\\\/ar-photo1.jpg\",\"datePublished\":\"2013-01-28T08:24:12+00:00\",\"dateModified\":\"2018-05-25T19:18:29+00:00\",\"description\":\"Andrei Romanenko is a licensed attorney in the United States, a member of the State Bar of California.\",\"inLanguage\":\"es\",\"potentialAction\":[{\"@type\":\"ReadAction\",\"target\":[[\"https:\\\/\\\/andreiromanenko.com\\\/es\\\/about-us\\\/\"]]}]},{\"@type\":\"ImageObject\",\"inLanguage\":\"es\",\"@id\":\"https:\\\/\\\/andreiromanenko.com\\\/es\\\/about-us\\\/#primaryimage\",\"url\":\"http:\\\/\\\/www.andreiromanenko.com\\\/wp-content\\\/uploads\\\/ar-photo1.jpg\",\"contentUrl\":\"http:\\\/\\\/www.andreiromanenko.com\\\/wp-content\\\/uploads\\\/ar-photo1.jpg\"},{\"@type\":\"WebSite\",\"@id\":\"https:\\\/\\\/andreiromanenko.com\\\/es\\\/#website\",\"url\":\"https:\\\/\\\/andreiromanenko.com\\\/es\\\/\",\"name\":\"Abogado Andrei Romanenko\",\"description\":\"\",\"potentialAction\":[{\"@type\":\"SearchAction\",\"target\":{\"@type\":\"EntryPoint\",\"urlTemplate\":\"https:\\\/\\\/andreiromanenko.com\\\/es\\\/?s={search_term_string}\"},\"query-input\":{\"@type\":\"PropertyValueSpecification\",\"valueRequired\":true,\"valueName\":\"search_term_string\"}}],\"inLanguage\":\"es\"}]}<\/script>\n<!-- \/ Yoast SEO plugin. -->","yoast_head_json":{"title":"About attorney Andrei Romanenko","description":"Andrei Romanenko is a licensed attorney in the United States, a member of the State Bar of California.","robots":{"index":"index","follow":"follow","max-snippet":"max-snippet:-1","max-image-preview":"max-image-preview:large","max-video-preview":"max-video-preview:-1"},"canonical":"https:\/\/andreiromanenko.com\/es\/about-us\/","og_locale":"es_ES","og_type":"article","og_title":"About attorney Andrei Romanenko","og_description":"Andrei Romanenko is a licensed attorney in the United States, a member of the State Bar of California.","og_url":"https:\/\/andreiromanenko.com\/es\/about-us\/","og_site_name":"Abogado Andrei Romanenko","article_publisher":"https:\/\/www.facebook.com\/ramanenka","article_modified_time":"2018-05-25T19:18:29+00:00","og_image":[{"url":"http:\/\/www.andreiromanenko.com\/wp-content\/uploads\/ar-photo1.jpg","type":"","width":"","height":""}],"twitter_card":"summary_large_image","twitter_misc":{"Tiempo de lectura":"1 minuto"},"schema":{"@context":"https:\/\/schema.org","@graph":[{"@type":"WebPage","@id":"https:\/\/andreiromanenko.com\/es\/about-us\/","url":"https:\/\/andreiromanenko.com\/es\/about-us\/","name":"About attorney Andrei Romanenko","isPartOf":{"@id":"https:\/\/andreiromanenko.com\/es\/#website"},"primaryImageOfPage":{"@id":"https:\/\/andreiromanenko.com\/es\/about-us\/#primaryimage"},"image":{"@id":"https:\/\/andreiromanenko.com\/about-us\/#primaryimage"},"thumbnailUrl":"http:\/\/www.andreiromanenko.com\/wp-content\/uploads\/ar-photo1.jpg","datePublished":"2013-01-28T08:24:12+00:00","dateModified":"2018-05-25T19:18:29+00:00","description":"Andrei Romanenko is a licensed attorney in the United States, a member of the State Bar of California.","inLanguage":"es","potentialAction":[{"@type":"ReadAction","target":[["https:\/\/andreiromanenko.com\/es\/about-us\/"]]}]},{"@type":"ImageObject","inLanguage":"es","@id":"https:\/\/andreiromanenko.com\/es\/about-us\/#primaryimage","url":"http:\/\/www.andreiromanenko.com\/wp-content\/uploads\/ar-photo1.jpg","contentUrl":"http:\/\/www.andreiromanenko.com\/wp-content\/uploads\/ar-photo1.jpg"},{"@type":"WebSite","@id":"https:\/\/andreiromanenko.com\/es\/#website","url":"https:\/\/andreiromanenko.com\/es\/","name":"Abogado Andrei Romanenko","description":"","potentialAction":[{"@type":"SearchAction","target":{"@type":"EntryPoint","urlTemplate":"https:\/\/andreiromanenko.com\/es\/?s={search_term_string}"},"query-input":{"@type":"PropertyValueSpecification","valueRequired":true,"valueName":"search_term_string"}}],"inLanguage":"es"}]}},"jetpack_sharing_enabled":true,"_links":{"self":[{"href":"https:\/\/andreiromanenko.com\/es\/wp-json\/wp\/v2\/pages\/574","targetHints":{"allow":["GET"]}}],"collection":[{"href":"https:\/\/andreiromanenko.com\/es\/wp-json\/wp\/v2\/pages"}],"about":[{"href":"https:\/\/andreiromanenko.com\/es\/wp-json\/wp\/v2\/types\/page"}],"author":[{"embeddable":true,"href":"https:\/\/andreiromanenko.com\/es\/wp-json\/wp\/v2\/users\/2"}],"replies":[{"embeddable":true,"href":"https:\/\/andreiromanenko.com\/es\/wp-json\/wp\/v2\/comments?post=574"}],"version-history":[{"count":21,"href":"https:\/\/andreiromanenko.com\/es\/wp-json\/wp\/v2\/pages\/574\/revisions"}],"predecessor-version":[{"id":1445,"href":"https:\/\/andreiromanenko.com\/es\/wp-json\/wp\/v2\/pages\/574\/revisions\/1445"}],"wp:attachment":[{"href":"https:\/\/andreiromanenko.com\/es\/wp-json\/wp\/v2\/media?parent=574"}],"curies":[{"name":"wp","href":"https:\/\/api.w.org\/{rel}","templated":true}]}}