{"id":518,"date":"2013-01-07T03:38:54","date_gmt":"2013-01-07T03:38:54","guid":{"rendered":"http:\/\/localhost\/?page_id=518"},"modified":"2026-01-11T10:17:34","modified_gmt":"2026-01-11T18:17:34","slug":"howmuch","status":"publish","type":"page","link":"https:\/\/andreiromanenko.com\/es\/howmuch\/","title":{"rendered":"\u00bfCu\u00e1nto cuesta?"},"content":{"rendered":"<p><\/p>\n<h1><span style=\"font-family: verdana, geneva; font-size: 12pt;\">\u00a0<strong>\u00bfCu\u00e1nto cuesta una consulta con un abogado de inmigraci\u00f3n?<\/strong><\/span><\/h1>\n<p><span style=\"font-family: verdana, geneva; font-size: 12pt;\"><img data-recalc-dims=\"1\" loading=\"lazy\" decoding=\"async\" class=\" alignleft\" src=\"https:\/\/i0.wp.com\/www.andreiromanenko.com\/wp-content\/uploads\/2018\/06\/money-slider11-1.jpg?resize=334%2C192\" alt=\"\u0441\u0442\u043e\u0438\u043c\u043e\u0441\u0442\u044c \u0443\u0441\u043b\u0443\u0433 \u0430\u0434\u0432\u043e\u043a\u0430\u0442\u0430\" width=\"334\" height=\"192\" \/>Abogado de inmigraci\u00f3n no cobra mucho dinero para una consulta generalmente. En promedio, la primera consulta de un abogado de inmigraci\u00f3n cuesta cien d\u00f3lares por hora. Algunos abogados de inmigraci\u00f3n dan consultas gratuitas.<\/span><\/p>\n<p><span style=\"font-family: verdana, geneva; font-size: 12pt;\">Abogado de Inmigraci\u00f3n entiende que muchos clientes han llegado recientemente a los Estados Unidos, que no tienen mucho dinero o un trabajo bien remunerado. Abogado de inmigraci\u00f3n puede ofrecer un plan de pagos por sus servicios y, en algunos casos llevar el caso pro bono (gratis).<\/span><\/p>\n\n<p><span style=\"font-family: verdana, geneva; font-size: 12pt;\">Muchos abogados de inmigraci\u00f3n cobran $ 300 o $ 500 por hora para una consulta. Sin embargo, esto no quiere decir que cuanto m\u00e1s dinero que cobra un abogado, las mejores habilidades y experiencia que \u00e9l o ella tiene. Muchas veces los clientes reciben en igual medida, si no m\u00e1s, informaci\u00f3n \u00fatil en una consulta de $ 200 como en una consulta de $ 500.<\/span><\/p>\n<h2><strong><span style=\"font-family: verdana, geneva; font-size: 12pt;\">\u00bfCu\u00e1nto va a costar su caso?<\/span><\/strong><\/h2>\n<p><span style=\"font-family: verdana, geneva; font-size: 12pt;\">Diferentes abogados de inmigraci\u00f3n cobran diferentes cantidades de dinero para el mismo caso. \u00bfC\u00f3mo se puede saber cuanto\u00a0su caso realmente cuesta? Para responder a esta pregunta, vamos a echar un vistazo a las consideraciones del abogado de inmigraci\u00f3n cuando \u00e9l o ella eval\u00faa el caso de un cliente potencial. La carga de trabajo del abogado de inmigraci\u00f3n en sus otros casos, la complejidad y las fechas l\u00edmites de su caso, y el costo promedio de casos similares en la ciudad o estado importan mucho\u00a0cuando el abogado eval\u00faa su caso.<\/span><\/p>\n<p><span style=\"font-family: verdana, geneva; font-size: 12pt;\">Casos de inmigraci\u00f3n, por regla general, siguen pendientes durante muchos\u00a0a\u00f1os. En consecuencia, los clientes tienen el tiempo suficiente para recoger el dinero para pagar los honorarios del abogado, recoger documentos de apoyo, prepararse para la audiencia bien. Si el cliente est\u00e1 fuera de la custodia y renuncia a la adjudicaci\u00f3n expedita de su caso, el abogado de inmigraci\u00f3n puede cobrar menos en honorarios. Cuando est\u00e1n presionando los plazos y la audiencia individual est\u00e1 subiendo, abogado de inmigraci\u00f3n probablemente cobrar\u00e1 m\u00e1s o incluso negarse a llevar el caso.<\/span><\/p>\n<p><span style=\"font-family: verdana, geneva; font-size: 12pt;\">Cuando el abogado de inmigraci\u00f3n no es tan ocupado, puede estar de acuerdo para un ret\u00e9n inferior para mantener al cliente de partir para\u00a0un otro bufete de abogados. Mucho depende de la sofisticaci\u00f3n del cliente. Si el cliente trabajaba con un abogado en el pasado, tiene educaci\u00f3n universitaria, sabe c\u00f3mo traducir documentos, coge el tel\u00e9fono, es m\u00e1s f\u00e1cil trabajar con tan\u00a0cliente y el abogado de\u00a0inmigraci\u00f3n puede cobrar menos por sus servicios.<\/span><\/p>\n<p><span style=\"font-family: verdana, geneva; font-size: 12pt;\">Abogado de inmigraci\u00f3n ayuda a un gran n\u00famero de clientes, se ocupa de cuestiones similares en el d\u00eda a d\u00eda y, en consecuencia, tiene una buena idea del precio de mercado para un caso de inmigraci\u00f3n. Por otra parte, un nuevo cliente rara vez se encuentra el abogado en las p\u00e1ginas amarillas. La mayor\u00eda de los nuevos clientes son amigos y familiares de los a cuales el abogado de inmigraci\u00f3n ayud\u00f3 en el pasado. Por lo tanto, los honorarios del abogado ser\u00e1n m\u00e1s o menos\u00a0mismos para diferentes personas.<\/span><\/p>\n<h2><strong><span style=\"font-family: verdana, geneva; font-size: 12pt;\">Formas de pago<\/span><\/strong><\/h2>\n<p><span style=\"font-family: verdana, geneva; font-size: 12pt;\">Como regla general, los abogados de inmigraci\u00f3n cobran un retenedor fijo. La ventaja de un retenedor fijo es que el cliente no tiene que preocuparse por la cantidad de audiencias se programar\u00e1 en su caso, o la cantidad de tiempo que el abogado de inmigraci\u00f3n va a gastar en preparaci\u00f3n. Los honorarios por hora son habituales cuando un abogado no sabe cu\u00e1nto tiempo se gastara en el caso del cliente. Cuando un abogado cobra por hora, el cliente debe observar cuidadosamente las facturas y prestar atenci\u00f3n a lo que paga.<\/span><\/p>\n<p><span style=\"font-family: verdana, geneva; font-size: 12pt;\">Abogados en el estado de California tienen que firmar un contrato con el cliente y dar a cliente una copia. Recuerda que puede regatear con el abogado antes de firmar un contrato. Los honorarios del abogado no se establecen por ley. Llame a varios abogados de inmigraci\u00f3n y pregunte cu\u00e1nto cobran. No todos los abogados de inmigraci\u00f3n le dir\u00e1n de inmediato cu\u00e1nto cobran y le sugerir\u00e1n que reunir\u00a0y pagar por la consulta inicial. Lea cuidadosamente el contrato y no lo firme hasta que entienda su contenido. Pregunte al abogado de inmigraci\u00f3n para traducir el contrato en el idioma que usted entienda mejor, explicar los t\u00e9rminos desconocidos.<\/span><\/p>\n<h2><strong><span style=\"font-family: verdana, geneva; font-size: 12pt;\">Costos aproximados de la contrataci\u00f3n de un abogado de inmigraci\u00f3n en San Francisco<\/span><\/strong><\/h2>\n<p><span style=\"font-family: verdana, geneva; font-size: 12pt;\">A continuaci\u00f3n proporcionamos una tabla de honorarios de abogados en nuestra oficina. Las tasas de presentaci\u00f3n son exactas a partir de 1 de noviembre de 2023:<\/span><\/p>\n<table class=\"mceItemTable\" dir=\"ltr\" style=\"width: 613px; height: 215px; border: 0px solid black;\" border=\"0\" frame=\"box\" rules=\"all\">\n<tbody>\n<tr>\n<td>\n<h2><strong><span style=\"font-family: verdana, geneva; font-size: 12pt;\">El tipo de caso<\/span><\/strong><\/h2>\n<\/td>\n<td>\n<h2><span style=\"font-family: verdana, geneva; font-size: 12pt;\"><strong>Formulario<\/strong><\/span><\/h2>\n<\/td>\n<td>\n<h2><strong><span style=\"font-family: verdana, geneva; font-size: 12pt;\">Honorarios del abogado<\/span><\/strong><\/h2>\n<\/td>\n<td>\n<h2><strong><span style=\"font-family: verdana, geneva; font-size: 12pt;\">Tasa de presentaci\u00f3n<\/span><\/strong><\/h2>\n<\/td>\n<\/tr>\n<tr>\n<td><span style=\"font-family: verdana, geneva; font-size: 12pt;\">Asilo afirmativo<\/span><\/td>\n<td>\n<h2><span style=\"font-size: 14px; font-family: verdana, geneva;\">\u00a0<a href=\"http:\/\/www.uscis.gov\/i-589\">I-589<\/a><\/span><\/h2>\n<\/td>\n<td><span style=\"font-size: 14px; font-family: verdana, geneva;\">\u00a0$10,000<\/span><\/td>\n<td><span style=\"font-size: 14px; font-family: verdana, geneva;\">\u00a0$0<\/span><\/td>\n<\/tr>\n<tr>\n<td><span style=\"font-size: 12pt;\">Defensa de deportaci\u00f3n en la corte<\/span><\/td>\n<td>&nbsp;<\/td>\n<td><span style=\"font-family: verdana, geneva;\"><span style=\"font-size: 14px; line-height: 21px;\">\u00a0$10,000&#8211;$15,000<\/span><\/span><\/td>\n<td>&nbsp;<\/td>\n<\/tr>\n<tr>\n<td><span style=\"font-family: verdana, geneva; font-size: 12pt;\">Ajuste de estatus<\/span><\/td>\n<td>\n<h2><span style=\"font-size: 14px; font-family: verdana, geneva;\">\u00a0<a href=\"http:\/\/www.uscis.gov\/i-485\">I-485<\/a><\/span><\/h2>\n<\/td>\n<td><span style=\"font-size: 14px; font-family: verdana, geneva;\">\u00a0$2,000&#8211;$4,000<\/span><\/td>\n<td><span style=\"font-size: 14px; font-family: verdana, geneva;\">\u00a0$1,225&#8211;$1,760<\/span><\/td>\n<\/tr>\n<tr>\n<td><span style=\"font-size: 12pt;\">Naturalizaci\u00f3n<\/span><\/td>\n<td>\n<h2><span style=\"font-size: 14px; font-family: verdana, geneva;\">\u00a0<a href=\"http:\/\/www.uscis.gov\/n-400\">N-400<\/a><\/span><\/h2>\n<\/td>\n<td><span style=\"font-size: 14px; font-family: verdana, geneva;\">\u00a0$3,000<\/span><\/td>\n<td><span style=\"font-size: 14px; font-family: verdana, geneva;\">\u00a0$725<\/span><\/td>\n<\/tr>\n<tr>\n<td><span style=\"font-size: 12pt;\">Petici\u00f3n de visa de inmigrante<\/span><\/td>\n<td>\n<h2><span style=\"font-size: 14px; font-family: verdana, geneva;\">\u00a0<a href=\"http:\/\/www.uscis.gov\/i-130\">I-130<\/a><\/span><\/h2>\n<\/td>\n<td><span style=\"font-size: 14px; font-family: verdana, geneva;\">\u00a0$2,000-$4,000<\/span><\/td>\n<td><span style=\"font-size: 14px; font-family: verdana, geneva;\">\u00a0$535<\/span><\/td>\n<\/tr>\n<tr>\n<td><span style=\"font-size: 12pt;\">Permiso de Trabajo<\/span><\/td>\n<td>\n<h2><span style=\"font-size: 14px; font-family: verdana, geneva;\">\u00a0<a href=\"http:\/\/www.uscis.gov\/i-765\">I-765<\/a><\/span><\/h2>\n<\/td>\n<td><span style=\"font-size: 14px; font-family: verdana, geneva;\">\u00a0$300<\/span><\/td>\n<td><span style=\"font-size: 14px; font-family: verdana, geneva;\">\u00a0$410<\/span><\/td>\n<\/tr>\n<tr>\n<td><span style=\"font-size: 12pt;\">Documento de viaje<\/span><\/td>\n<td>\n<h2><span style=\"font-size: 14px; font-family: verdana, geneva;\">\u00a0<a href=\"http:\/\/www.uscis.gov\/i-131\">I-131<\/a><\/span><\/h2>\n<\/td>\n<td><span style=\"font-size: 14px; font-family: verdana, geneva;\">\u00a0$1,000<\/span><\/td>\n<td><span style=\"font-size: 14px; font-family: verdana, geneva;\">\u00a0$105-$660<\/span><\/td>\n<\/tr>\n<tr>\n<td><span style=\"font-size: 12pt;\">Extensi\u00f3n \/ cambio de estatus<\/span><\/td>\n<td>\n<h2><span style=\"font-size: 14px; font-family: verdana, geneva;\">\u00a0<a href=\"http:\/\/www.uscis.gov\/i-539\">I-539<\/a><\/span><\/h2>\n<\/td>\n<td><span style=\"font-size: 14px; font-family: verdana, geneva;\">\u00a0$3,000<\/span><\/td>\n<td><span style=\"font-size: 14px; font-family: verdana, geneva;\">\u00a0$455<\/span><\/td>\n<\/tr>\n<tr>\n<td><span style=\"font-size: 12pt;\">Visa de prometido<\/span><\/td>\n<td>\n<h2><span style=\"font-size: 14px; font-family: verdana, geneva;\">\u00a0<a href=\"http:\/\/www.uscis.gov\/i-129f\">I-129F<\/a><\/span><\/h2>\n<\/td>\n<td><span style=\"font-size: 14px; font-family: verdana, geneva;\">\u00a0$4,000<\/span><\/td>\n<td><span style=\"font-size: 14px; font-family: verdana, geneva;\">\u00a0$535<\/span><\/td>\n<\/tr>\n<tr>\n<td><span style=\"font-size: 12pt;\">TPS<\/span><\/td>\n<td>\n<h2><a href=\"https:\/\/www.uscis.gov\/i-821\"><span style=\"font-size: 14px; font-family: verdana, geneva;\">I-821<\/span><\/a><\/h2>\n<\/td>\n<td><span style=\"font-size: 14px; font-family: verdana, geneva;\">\u00a0$1,000<\/span><\/td>\n<td><span style=\"font-size: 14px; font-family: verdana, geneva;\">$50-$545<\/span><\/td>\n<\/tr>\n<\/tbody>\n<\/table>\n<p>&nbsp;<\/p>\n<p><\/p>","protected":false},"excerpt":{"rendered":"<p>\u00a0\u00bfCu\u00e1nto cuesta una consulta con un abogado de inmigraci\u00f3n? Abogado de inmigraci\u00f3n no cobra mucho dinero para una consulta generalmente. En promedio, la primera consulta de un abogado de inmigraci\u00f3n cuesta cien d\u00f3lares por hora. Algunos abogados de inmigraci\u00f3n dan consultas gratuitas. Abogado de Inmigraci\u00f3n entiende que muchos clientes han llegado recientemente a los Estados&#8230;<\/p>\n","protected":false},"author":2,"featured_media":0,"parent":0,"menu_order":0,"comment_status":"open","ping_status":"closed","template":"","meta":{"_kad_post_transparent":"default","_kad_post_title":"default","_kad_post_layout":"default","_kad_post_sidebar_id":"","_kad_post_content_style":"default","_kad_post_vertical_padding":"default","_kad_post_feature":"","_kad_post_feature_position":"","_kad_post_header":false,"_kad_post_footer":false,"_kad_post_classname":"","footnotes":""},"class_list":["post-518","page","type-page","status-publish","hentry"],"yoast_head":"<!-- This site is optimized with the Yoast SEO plugin v27.5 - https:\/\/yoast.com\/product\/yoast-seo-wordpress\/ -->\n<title>How much will your case cost? \u0421\u043a\u043e\u043b\u044c\u043a\u043e \u0441\u0442\u043e\u044f\u0442 \u0443\u0441\u043b\u0443\u0433\u0438?<\/title>\n<meta name=\"description\" content=\"\u0417\u0430 \u043e\u0434\u043d\u043e \u0438 \u0442\u043e \u0436\u0435 \u0434\u0435\u043b\u043e \u0440\u0430\u0437\u043d\u044b\u0435 \u0430\u0434\u0432\u043e\u043a\u0430\u0442\u044b \u043f\u0440\u043e\u0441\u044f\u0442 \u0440\u0430\u0437\u043d\u044b\u0435 \u0441\u0443\u043c\u043c\u044b \u0434\u0435\u043d\u0435\u0433. \u041a\u0430\u043a \u0436\u0435 \u0440\u0430\u0437\u043e\u0431\u0440\u0430\u0442\u044c\u0441\u044f, \u0441\u043a\u043e\u043b\u044c\u043a\u043e \u043d\u0430 \u0441\u0430\u043c\u043e\u043c \u0434\u0435\u043b\u0435 \u0441\u0442\u043e\u0438\u0442 \u0432\u0430\u0448\u0435 \u0434\u0435\u043b\u043e?\" \/>\n<meta name=\"robots\" content=\"index, follow, max-snippet:-1, max-image-preview:large, max-video-preview:-1\" \/>\n<link rel=\"canonical\" href=\"https:\/\/andreiromanenko.com\/es\/howmuch\/\" \/>\n<meta property=\"og:locale\" content=\"es_ES\" \/>\n<meta property=\"og:type\" content=\"article\" \/>\n<meta property=\"og:title\" content=\"How much will your case cost? \u0421\u043a\u043e\u043b\u044c\u043a\u043e \u0441\u0442\u043e\u044f\u0442 \u0443\u0441\u043b\u0443\u0433\u0438?\" \/>\n<meta property=\"og:description\" content=\"\u0417\u0430 \u043e\u0434\u043d\u043e \u0438 \u0442\u043e \u0436\u0435 \u0434\u0435\u043b\u043e \u0440\u0430\u0437\u043d\u044b\u0435 \u0430\u0434\u0432\u043e\u043a\u0430\u0442\u044b \u043f\u0440\u043e\u0441\u044f\u0442 \u0440\u0430\u0437\u043d\u044b\u0435 \u0441\u0443\u043c\u043c\u044b \u0434\u0435\u043d\u0435\u0433. \u041a\u0430\u043a \u0436\u0435 \u0440\u0430\u0437\u043e\u0431\u0440\u0430\u0442\u044c\u0441\u044f, \u0441\u043a\u043e\u043b\u044c\u043a\u043e \u043d\u0430 \u0441\u0430\u043c\u043e\u043c \u0434\u0435\u043b\u0435 \u0441\u0442\u043e\u0438\u0442 \u0432\u0430\u0448\u0435 \u0434\u0435\u043b\u043e?\" \/>\n<meta property=\"og:url\" content=\"https:\/\/andreiromanenko.com\/es\/howmuch\/\" \/>\n<meta property=\"og:site_name\" content=\"Abogado Andrei Romanenko\" \/>\n<meta property=\"article:publisher\" content=\"https:\/\/www.facebook.com\/ramanenka\" \/>\n<meta property=\"article:modified_time\" content=\"2026-01-11T18:17:34+00:00\" \/>\n<meta property=\"og:image\" content=\"http:\/\/www.andreiromanenko.com\/wp-content\/uploads\/2013\/01\/money-slider11-300x172.jpg\" \/>\n<meta name=\"twitter:card\" content=\"summary_large_image\" \/>\n<meta name=\"twitter:label1\" content=\"Tiempo de lectura\" \/>\n\t<meta name=\"twitter:data1\" content=\"16 minutos\" \/>\n<script type=\"application\/ld+json\" class=\"yoast-schema-graph\">{\"@context\":\"https:\\\/\\\/schema.org\",\"@graph\":[{\"@type\":\"WebPage\",\"@id\":\"https:\\\/\\\/andreiromanenko.com\\\/es\\\/howmuch\\\/\",\"url\":\"https:\\\/\\\/andreiromanenko.com\\\/es\\\/howmuch\\\/\",\"name\":\"How much will your case cost? \u0421\u043a\u043e\u043b\u044c\u043a\u043e \u0441\u0442\u043e\u044f\u0442 \u0443\u0441\u043b\u0443\u0433\u0438?\",\"isPartOf\":{\"@id\":\"https:\\\/\\\/andreiromanenko.com\\\/es\\\/#website\"},\"primaryImageOfPage\":{\"@id\":\"https:\\\/\\\/andreiromanenko.com\\\/es\\\/howmuch\\\/#primaryimage\"},\"image\":{\"@id\":\"https:\\\/\\\/andreiromanenko.com\\\/howmuch\\\/#primaryimage\"},\"thumbnailUrl\":\"http:\\\/\\\/www.andreiromanenko.com\\\/wp-content\\\/uploads\\\/2013\\\/01\\\/money-slider11-300x172.jpg\",\"datePublished\":\"2013-01-07T03:38:54+00:00\",\"dateModified\":\"2026-01-11T18:17:34+00:00\",\"description\":\"\u0417\u0430 \u043e\u0434\u043d\u043e \u0438 \u0442\u043e \u0436\u0435 \u0434\u0435\u043b\u043e \u0440\u0430\u0437\u043d\u044b\u0435 \u0430\u0434\u0432\u043e\u043a\u0430\u0442\u044b \u043f\u0440\u043e\u0441\u044f\u0442 \u0440\u0430\u0437\u043d\u044b\u0435 \u0441\u0443\u043c\u043c\u044b \u0434\u0435\u043d\u0435\u0433. \u041a\u0430\u043a \u0436\u0435 \u0440\u0430\u0437\u043e\u0431\u0440\u0430\u0442\u044c\u0441\u044f, \u0441\u043a\u043e\u043b\u044c\u043a\u043e \u043d\u0430 \u0441\u0430\u043c\u043e\u043c \u0434\u0435\u043b\u0435 \u0441\u0442\u043e\u0438\u0442 \u0432\u0430\u0448\u0435 \u0434\u0435\u043b\u043e?\",\"inLanguage\":\"es\",\"potentialAction\":[{\"@type\":\"ReadAction\",\"target\":[[\"https:\\\/\\\/andreiromanenko.com\\\/es\\\/howmuch\\\/\"]]}]},{\"@type\":\"ImageObject\",\"inLanguage\":\"es\",\"@id\":\"https:\\\/\\\/andreiromanenko.com\\\/es\\\/howmuch\\\/#primaryimage\",\"url\":\"http:\\\/\\\/www.andreiromanenko.com\\\/wp-content\\\/uploads\\\/2013\\\/01\\\/money-slider11-300x172.jpg\",\"contentUrl\":\"http:\\\/\\\/www.andreiromanenko.com\\\/wp-content\\\/uploads\\\/2013\\\/01\\\/money-slider11-300x172.jpg\"},{\"@type\":\"WebSite\",\"@id\":\"https:\\\/\\\/andreiromanenko.com\\\/es\\\/#website\",\"url\":\"https:\\\/\\\/andreiromanenko.com\\\/es\\\/\",\"name\":\"Abogado Andrei Romanenko\",\"description\":\"\",\"potentialAction\":[{\"@type\":\"SearchAction\",\"target\":{\"@type\":\"EntryPoint\",\"urlTemplate\":\"https:\\\/\\\/andreiromanenko.com\\\/es\\\/?s={search_term_string}\"},\"query-input\":{\"@type\":\"PropertyValueSpecification\",\"valueRequired\":true,\"valueName\":\"search_term_string\"}}],\"inLanguage\":\"es\"}]}<\/script>\n<!-- \/ Yoast SEO plugin. -->","yoast_head_json":{"title":"How much will your case cost? \u0421\u043a\u043e\u043b\u044c\u043a\u043e \u0441\u0442\u043e\u044f\u0442 \u0443\u0441\u043b\u0443\u0433\u0438?","description":"\u0417\u0430 \u043e\u0434\u043d\u043e \u0438 \u0442\u043e \u0436\u0435 \u0434\u0435\u043b\u043e \u0440\u0430\u0437\u043d\u044b\u0435 \u0430\u0434\u0432\u043e\u043a\u0430\u0442\u044b \u043f\u0440\u043e\u0441\u044f\u0442 \u0440\u0430\u0437\u043d\u044b\u0435 \u0441\u0443\u043c\u043c\u044b \u0434\u0435\u043d\u0435\u0433. \u041a\u0430\u043a \u0436\u0435 \u0440\u0430\u0437\u043e\u0431\u0440\u0430\u0442\u044c\u0441\u044f, \u0441\u043a\u043e\u043b\u044c\u043a\u043e \u043d\u0430 \u0441\u0430\u043c\u043e\u043c \u0434\u0435\u043b\u0435 \u0441\u0442\u043e\u0438\u0442 \u0432\u0430\u0448\u0435 \u0434\u0435\u043b\u043e?","robots":{"index":"index","follow":"follow","max-snippet":"max-snippet:-1","max-image-preview":"max-image-preview:large","max-video-preview":"max-video-preview:-1"},"canonical":"https:\/\/andreiromanenko.com\/es\/howmuch\/","og_locale":"es_ES","og_type":"article","og_title":"How much will your case cost? \u0421\u043a\u043e\u043b\u044c\u043a\u043e \u0441\u0442\u043e\u044f\u0442 \u0443\u0441\u043b\u0443\u0433\u0438?","og_description":"\u0417\u0430 \u043e\u0434\u043d\u043e \u0438 \u0442\u043e \u0436\u0435 \u0434\u0435\u043b\u043e \u0440\u0430\u0437\u043d\u044b\u0435 \u0430\u0434\u0432\u043e\u043a\u0430\u0442\u044b \u043f\u0440\u043e\u0441\u044f\u0442 \u0440\u0430\u0437\u043d\u044b\u0435 \u0441\u0443\u043c\u043c\u044b \u0434\u0435\u043d\u0435\u0433. \u041a\u0430\u043a \u0436\u0435 \u0440\u0430\u0437\u043e\u0431\u0440\u0430\u0442\u044c\u0441\u044f, \u0441\u043a\u043e\u043b\u044c\u043a\u043e \u043d\u0430 \u0441\u0430\u043c\u043e\u043c \u0434\u0435\u043b\u0435 \u0441\u0442\u043e\u0438\u0442 \u0432\u0430\u0448\u0435 \u0434\u0435\u043b\u043e?","og_url":"https:\/\/andreiromanenko.com\/es\/howmuch\/","og_site_name":"Abogado Andrei Romanenko","article_publisher":"https:\/\/www.facebook.com\/ramanenka","article_modified_time":"2026-01-11T18:17:34+00:00","og_image":[{"url":"http:\/\/www.andreiromanenko.com\/wp-content\/uploads\/2013\/01\/money-slider11-300x172.jpg","type":"","width":"","height":""}],"twitter_card":"summary_large_image","twitter_misc":{"Tiempo de lectura":"16 minutos"},"schema":{"@context":"https:\/\/schema.org","@graph":[{"@type":"WebPage","@id":"https:\/\/andreiromanenko.com\/es\/howmuch\/","url":"https:\/\/andreiromanenko.com\/es\/howmuch\/","name":"How much will your case cost? \u0421\u043a\u043e\u043b\u044c\u043a\u043e \u0441\u0442\u043e\u044f\u0442 \u0443\u0441\u043b\u0443\u0433\u0438?","isPartOf":{"@id":"https:\/\/andreiromanenko.com\/es\/#website"},"primaryImageOfPage":{"@id":"https:\/\/andreiromanenko.com\/es\/howmuch\/#primaryimage"},"image":{"@id":"https:\/\/andreiromanenko.com\/howmuch\/#primaryimage"},"thumbnailUrl":"http:\/\/www.andreiromanenko.com\/wp-content\/uploads\/2013\/01\/money-slider11-300x172.jpg","datePublished":"2013-01-07T03:38:54+00:00","dateModified":"2026-01-11T18:17:34+00:00","description":"\u0417\u0430 \u043e\u0434\u043d\u043e \u0438 \u0442\u043e \u0436\u0435 \u0434\u0435\u043b\u043e \u0440\u0430\u0437\u043d\u044b\u0435 \u0430\u0434\u0432\u043e\u043a\u0430\u0442\u044b \u043f\u0440\u043e\u0441\u044f\u0442 \u0440\u0430\u0437\u043d\u044b\u0435 \u0441\u0443\u043c\u043c\u044b \u0434\u0435\u043d\u0435\u0433. \u041a\u0430\u043a \u0436\u0435 \u0440\u0430\u0437\u043e\u0431\u0440\u0430\u0442\u044c\u0441\u044f, \u0441\u043a\u043e\u043b\u044c\u043a\u043e \u043d\u0430 \u0441\u0430\u043c\u043e\u043c \u0434\u0435\u043b\u0435 \u0441\u0442\u043e\u0438\u0442 \u0432\u0430\u0448\u0435 \u0434\u0435\u043b\u043e?","inLanguage":"es","potentialAction":[{"@type":"ReadAction","target":[["https:\/\/andreiromanenko.com\/es\/howmuch\/"]]}]},{"@type":"ImageObject","inLanguage":"es","@id":"https:\/\/andreiromanenko.com\/es\/howmuch\/#primaryimage","url":"http:\/\/www.andreiromanenko.com\/wp-content\/uploads\/2013\/01\/money-slider11-300x172.jpg","contentUrl":"http:\/\/www.andreiromanenko.com\/wp-content\/uploads\/2013\/01\/money-slider11-300x172.jpg"},{"@type":"WebSite","@id":"https:\/\/andreiromanenko.com\/es\/#website","url":"https:\/\/andreiromanenko.com\/es\/","name":"Abogado Andrei Romanenko","description":"","potentialAction":[{"@type":"SearchAction","target":{"@type":"EntryPoint","urlTemplate":"https:\/\/andreiromanenko.com\/es\/?s={search_term_string}"},"query-input":{"@type":"PropertyValueSpecification","valueRequired":true,"valueName":"search_term_string"}}],"inLanguage":"es"}]}},"jetpack_sharing_enabled":true,"_links":{"self":[{"href":"https:\/\/andreiromanenko.com\/es\/wp-json\/wp\/v2\/pages\/518","targetHints":{"allow":["GET"]}}],"collection":[{"href":"https:\/\/andreiromanenko.com\/es\/wp-json\/wp\/v2\/pages"}],"about":[{"href":"https:\/\/andreiromanenko.com\/es\/wp-json\/wp\/v2\/types\/page"}],"author":[{"embeddable":true,"href":"https:\/\/andreiromanenko.com\/es\/wp-json\/wp\/v2\/users\/2"}],"replies":[{"embeddable":true,"href":"https:\/\/andreiromanenko.com\/es\/wp-json\/wp\/v2\/comments?post=518"}],"version-history":[{"count":78,"href":"https:\/\/andreiromanenko.com\/es\/wp-json\/wp\/v2\/pages\/518\/revisions"}],"predecessor-version":[{"id":9489,"href":"https:\/\/andreiromanenko.com\/es\/wp-json\/wp\/v2\/pages\/518\/revisions\/9489"}],"wp:attachment":[{"href":"https:\/\/andreiromanenko.com\/es\/wp-json\/wp\/v2\/media?parent=518"}],"curies":[{"name":"wp","href":"https:\/\/api.w.org\/{rel}","templated":true}]}}