{"id":51,"date":"2012-09-30T23:37:54","date_gmt":"2012-09-30T23:37:54","guid":{"rendered":"http:\/\/localhost\/?page_id=51"},"modified":"2025-10-03T09:07:50","modified_gmt":"2025-10-03T16:07:50","slug":"about-andrei","status":"publish","type":"page","link":"https:\/\/andreiromanenko.com\/es\/","title":{"rendered":"\u00bfQui\u00e9nes Somos?"},"content":{"rendered":"<p><\/p>\n<p><span style=\"font-family: arial,helvetica,sans-serif; font-size: 14px;\"><span style=\"font-family: verdana, geneva, sans-serif; font-size: 12pt;\"><a href=\"https:\/\/i0.wp.com\/andreiromanenko.com\/wp-content\/uploads\/2022\/08\/ar-photo.jpeg?ssl=1\"><img data-recalc-dims=\"1\" loading=\"lazy\" decoding=\"async\" class=\"alignleft size-full wp-image-9382\" src=\"https:\/\/i0.wp.com\/andreiromanenko.com\/wp-content\/uploads\/2022\/08\/ar-photo.jpeg?resize=220%2C300&#038;ssl=1\" alt=\"\" width=\"220\" height=\"300\" \/><\/a>Andrei Romanenko es un abogado de inmigraci\u00f3n en los Estados Unidos, miembro del Colegio de Abogados de California. Tiene <a href=\"http:\/\/members.calbar.ca.gov\/fal\/Member\/Detail\/279134\">licencia<\/a> para ejercer la abogac\u00eda en el Estado de California y se puede practicar la ley de inmigraci\u00f3n en todos los cincuenta estados.<\/span><\/span><\/p>\n\n<h2><span style=\"font-family: verdana, geneva, sans-serif;\"><strong><span style=\"font-size: 14px;\"><span style=\"font-size: 12pt;\">EDUCACI\u00d3N<\/span>:<\/span><\/strong><\/span><\/h2>\n<p><span style=\"font-family: verdana, geneva, sans-serif; font-size: 12pt;\">Andrei recibi\u00f3 su Doctorado en Jurisprudencia (JD) en la Facultad de Derecho de <a href=\"http:\/\/www.law.berkeley.edu\">Berkeley<\/a>, uno de los colegios de abogados m\u00e1s prestigiosas de Estados Unidos.<\/span><\/p>\n<p><span style=\"font-family: verdana, geneva, sans-serif; font-size: 12pt;\">En la Facultad de Derecho de Berkeley, Andrei se especializ\u00f3 en derecho migratorio y de negocios y se le otorg\u00f3 un <a href=\"https:\/\/www.law.berkeley.edu\/research\/berkeley-center-for-law-business-and-the-economy\/curriculum\/j-d-business-law-certificate\/\">certificado<\/a> de finalizaci\u00f3n con \u00e9xito del programa de derecho de los negocios.<\/span><\/p>\n<p><span style=\"font-family: verdana, geneva, sans-serif; font-size: 12pt;\">Andrei se gradu\u00f3 con honores de la\u00a0<a href=\"http:\/\/www.sfsu.edu\">Universidad Estatal de San Francisco<\/a> y obtuvo una Licenciatura en Arte en idioma y la literatura japon\u00e9s. Antes de graduarse, realiz\u00f3 cuatro cursos acad\u00e9micos en la <a href=\"http:\/\/www.mslu.by\">Universidad Estatal Ling\u00fc\u00edstica de Minsk<\/a>, el departamento de int\u00e9rpretes, donde estudi\u00f3 japon\u00e9s, ingl\u00e9s y polaco.<\/span><\/p>\n<p><span style=\"font-family: verdana, geneva, sans-serif; font-size: 12pt;\">Andrei ha completado un programa de verano de estudios de la lengua polaca en la <a href=\"http:\/\/www.umcs.lublin.pl\">Universidad de Maria Curie-Sklodowska<\/a> en Lublin, Polonia.<\/span><\/p>\n<h2><span style=\"font-family: verdana, geneva, sans-serif;\"><strong><span style=\"font-size: 14px;\"><span style=\"font-size: 12pt;\">EXPERIENCIA<\/span>:<\/span><\/strong><\/span><\/h2>\n<p><span style=\"font-family: verdana, geneva, sans-serif; font-size: 12pt;\">Andrei Romanenko trabaja como abogado de inmigraci\u00f3n en San Francisco, defiende a los inmigrantes en proceso de deportaci\u00f3n en la corte de inmigraci\u00f3n. Andrei representa a clientes en audiencias de USCIS, prepara casos para el proceso consular. Anteriormente trabaj\u00f3 como un abogado de inmigraci\u00f3n en la Oficina de Abogados Kerosky Purves &amp; Bogue,\u00a0la\u00a0<a href=\"http:\/\/www.robertdavidbaker.com\">Oficina de Abogado Robert David Baker<\/a>\u00a0y la\u00a0<a href=\"http:\/\/www.capeci-law.com\">Oficina de Abogado Dominic Capeci<\/a>.<\/span><\/p>\n<p><span style=\"font-family: verdana, geneva; font-size: 12pt;\">En la Facultad de Derecho, Andrei trabaj\u00f3 como Asistente del Editor General de la <a href=\"http:\/\/scholarship.law.berkeley.edu\/bjil\/\">Revista de Berkeley de Derecho Internacional<\/a>, ha internado con <a href=\"http:\/\/www.ebclc.org\">Centro Legal Comunitario de \u00c1rea Este de la Bah\u00eda<\/a>, <a href=\"http:\/\/www.asianlawcaucus.org\">Asian Law Caucus<\/a>, y la Cl\u00ednica de Ayuda con Asilo Politico. Durante sus vacaciones de verano, hizo una pasant\u00eda con el <a href=\"http:\/\/www.ilrc.org\">Centro de Recursos Legales de Inmigraci\u00f3n<\/a> y la <a href=\"http:\/\/ca-contracostacounty.civicplus.com\/index.aspx?NID=1555\">Oficina de Defensor Publico de Condado de Contra Costa<\/a>.<\/span><\/p>\n<h2><strong><span style=\"font-family: verdana, geneva, sans-serif; font-size: 12pt;\">ESPECIALISTA CERTIFICADO EN LEY DE INMIGRACION:<\/span><\/strong><\/h2>\n<p><span style=\"font-family: verdana, geneva, sans-serif; font-size: 12pt;\">Andrei se enorgullece de ser un <a href=\"http:\/\/members.calbar.ca.gov\/fal\/MemberSearch\/AdvancedSearch?LastNameOption=b&amp;LastName=&amp;FirstNameOption=b&amp;FirstName=&amp;MiddleNameOption=b&amp;MiddleName=&amp;FirmNameOption=b&amp;FirmName=&amp;CityOption=b&amp;City=San+Francisco&amp;State=&amp;Zip=94102&amp;District=&amp;County=&amp;LegalSpecialty=05&amp;LanguageSpoken=\">Especialista Certificado en Inmigraci\u00f3n y Ley de Nacionalidad<\/a>. El Colegio de Abogados de California certifica a los especialistas legales que han ido m\u00e1s all\u00e1 de los requisitos de licencia est\u00e1ndar. Para obtener la certificaci\u00f3n, los abogados deben completar 45 horas de educaci\u00f3n en su campo de especialidad durante los tres a\u00f1os anteriores a la solicitud al programa de especializaci\u00f3n legal certificada. <\/span><\/p>\n<p><span style=\"font-family: verdana, geneva, sans-serif; font-size: 12pt;\"><a href=\"http:\/\/www.calbar.ca.gov\/Attorneys\/Certified-Legal-Specialization\/Board-of-Legal-Specialization\">La Junta de Especializaci\u00f3n Legal<\/a> del Colegio de Abogados del Estado debe adjudicar la solicitud de los solicitantes. Otros abogados y jueces tambi\u00e9n deben dar a los solicitantes una evaluaci\u00f3n favorable. Una vez certificados, los especialistas legales deben mantener su certificaci\u00f3n completando e informando 36 horas de educaci\u00f3n cada tres a\u00f1os. <\/span><\/p>\n<p><span style=\"font-family: verdana, geneva, sans-serif; font-size: 12pt;\">Especialistas legales certificados son reconocidos como autoridades en temas de importancia local y nacional. A menudo son entrevistados por los medios de comunicaci\u00f3n. Solo los especialistas certificados pueden ser buscados por \u00e1rea de pr\u00e1ctica en la <a href=\"https:\/\/members.calbar.ca.gov\/search\/ls_search.aspx\">herramienta de B\u00fasqueda de Abogados<\/a> en el sitio web de la Barra Estatal.<\/span><\/p>\n<h2><strong><span style=\"font-family: verdana, geneva; font-size: 12pt;\">SELECCIONADO A LA LISTA DE LAS ESTRELLAS EN ASCENSO:<\/span><\/strong><\/h2>\n<p><span style=\"font-family: verdana, geneva; font-size: 12pt;\">En 2017 y 2018, Andrei fue seleccionado para la lista de <a href=\"https:\/\/profiles.superlawyers.com\/california-northern\/san-francisco\/lawyer\/andrei-romanenko\/c59f67ad-f3a5-49ea-8134-3e8ed414ba44.html\">estrellas en ascenso<\/a> por parte de <a href=\"https:\/\/www.superlawyers.com\">Super Lawyers<\/a>. Cada a\u00f1o, Super Lawyers <a href=\"https:\/\/www.superlawyers.com\/about\/selection_process.html#RS\">selecciona abogados<\/a> de todos los tama\u00f1os de firmas y m\u00e1s de 70 \u00e1reas de pr\u00e1ctica en todo Estados Unidos. No m\u00e1s del 2.5 por ciento de los abogados en el estado son nombrados en la lista dede estrellas en ascenso.<\/span><\/p>\n<h2><span style=\"font-family: verdana, geneva, sans-serif; font-size: 12pt;\"><strong>LAS ACTIVIDADES P\u00daBLICAS:<\/strong><\/span><\/h2>\n<p><span style=\"font-family: verdana, geneva, sans-serif; font-size: 12pt;\">En 2015, <a href=\"http:\/\/www.sfbos.org\/\">el Consejo de Supervisores de San Francisco<\/a> design\u00f3 Andrei Romanenko un comisionado de <a href=\"https:\/\/sfgov.org\/oceia\/about-oceia\">la Comisi\u00f3n de Derechos de los Inmigrantes<\/a>. <a href=\"https:\/\/sfgov.org\/oceia\/about-oceia\">La Comisi\u00f3n de Derechos de los Inmigrantes<\/a> mejora y preserva la calidad de vida y la participaci\u00f3n ciudadana de todos los inmigrantes en la Ciudad y Condado de San Francisco, ofrece asesoramiento y hace recomendaciones al Alcalde y <a href=\"http:\/\/www.sfbos.org\/\">el Consejo de de Supervisores<\/a> sobre cuestiones que afectan a los inmigrantes que trabajan y residen en la Ciudad,\u00a0celebra audiencias p\u00fablicas anuales para obtener el aporte de la comunidad inmigrante sobre los programas, las pol\u00edticas y las cuestiones que se refieren a los inmigrantes que son los residentes de la Ciudad y Condado de San Francisco. <\/span><\/p>\n<p><span style=\"font-family: verdana, geneva, sans-serif; font-size: 12pt;\">IRC coopera con y hace recomendaciones a otros departamentos de la Ciudad y del Condado, organismos y comisiones que administran y hacen cumplir los reglamentos relacionados con la salud, los servicios humanos, aplicaci\u00f3n de la ley, los derechos humanos, el acceso al idioma, ordenanza de la ciudad santuario, la identificaci\u00f3n municipal, y todos los otros problemas que afectan a los inmigrantes en San Francisco.<\/span><\/p>\n<h2><span style=\"font-family: verdana, geneva, sans-serif; font-size: 12pt;\"><strong>INTERESES:<\/strong><\/span><\/h2>\n<p><span style=\"font-family: verdana, geneva; font-size: 12pt;\">A Andrei le gusta estudiar idiomas y le encanta viajar. Habla los siguientes seis idiomas: bielorruso, ruso, ingl\u00e9s, japon\u00e9s, espa\u00f1ol y polaco. Ahora est\u00e1 aprendiendo portugu\u00e9s.<\/span><\/p>\n<p><span style=\"font-size: 12pt;\"><img data-recalc-dims=\"1\" loading=\"lazy\" decoding=\"async\" class=\"alignnone size-full wp-image-2440\" src=\"https:\/\/i0.wp.com\/www.andreiromanenko.com\/wp-content\/uploads\/2012\/09\/calbar1.jpg?resize=185%2C185\" alt=\"calbar\" width=\"185\" height=\"185\" srcset=\"https:\/\/i0.wp.com\/andreiromanenko.com\/wp-content\/uploads\/2012\/09\/calbar1.jpg?w=185&amp;ssl=1 185w, https:\/\/i0.wp.com\/andreiromanenko.com\/wp-content\/uploads\/2012\/09\/calbar1.jpg?resize=150%2C150&amp;ssl=1 150w\" sizes=\"auto, (max-width: 185px) 100vw, 185px\" \/><img data-recalc-dims=\"1\" loading=\"lazy\" decoding=\"async\" class=\"alignnone wp-image-2441 size-full\" src=\"https:\/\/i0.wp.com\/www.andreiromanenko.com\/wp-content\/uploads\/2012\/09\/ninthcircuitseal1.jpg?resize=186%2C185\" alt=\"ninth circuit seal\" width=\"186\" height=\"185\" srcset=\"https:\/\/i0.wp.com\/andreiromanenko.com\/wp-content\/uploads\/2012\/09\/ninthcircuitseal1.jpg?w=186&amp;ssl=1 186w, https:\/\/i0.wp.com\/andreiromanenko.com\/wp-content\/uploads\/2012\/09\/ninthcircuitseal1.jpg?resize=150%2C150&amp;ssl=1 150w\" sizes=\"auto, (max-width: 186px) 100vw, 186px\" \/><img data-recalc-dims=\"1\" loading=\"lazy\" decoding=\"async\" class=\"alignnone wp-image-2442 size-full\" src=\"https:\/\/i0.wp.com\/www.andreiromanenko.com\/wp-content\/uploads\/2012\/09\/aila2.jpg?resize=185%2C185\" alt=\"AILA\" width=\"185\" height=\"185\" srcset=\"https:\/\/i0.wp.com\/andreiromanenko.com\/wp-content\/uploads\/2012\/09\/aila2.jpg?w=185&amp;ssl=1 185w, https:\/\/i0.wp.com\/andreiromanenko.com\/wp-content\/uploads\/2012\/09\/aila2.jpg?resize=150%2C150&amp;ssl=1 150w\" sizes=\"auto, (max-width: 185px) 100vw, 185px\" \/><\/span><\/p>\n<p><!--more--><\/p>\n<p>&nbsp;<\/p>\n<p><\/p>","protected":false},"excerpt":{"rendered":"<p>Disculpa, pero esta entrada est\u00e1 disponible s\u00f3lo en English.<\/p>\n","protected":false},"author":2,"featured_media":0,"parent":0,"menu_order":0,"comment_status":"open","ping_status":"closed","template":"","meta":{"_kad_post_transparent":"default","_kad_post_title":"default","_kad_post_layout":"default","_kad_post_sidebar_id":"","_kad_post_content_style":"default","_kad_post_vertical_padding":"default","_kad_post_feature":"","_kad_post_feature_position":"","_kad_post_header":false,"_kad_post_footer":false,"_kad_post_classname":"","footnotes":""},"class_list":["post-51","page","type-page","status-publish","hentry"],"yoast_head":"<!-- This site is optimized with the Yoast SEO plugin v27.5 - https:\/\/yoast.com\/product\/yoast-seo-wordpress\/ -->\n<title>immigration attorney | San Francisco | Andrei Romanenko<\/title>\n<meta name=\"description\" content=\"Andrei Romanenko is a Board Certified Immigration Specialist in San Francisco, a member of the California Bar practicing in all 50 states\" \/>\n<meta name=\"robots\" content=\"index, follow, max-snippet:-1, max-image-preview:large, max-video-preview:-1\" \/>\n<link rel=\"canonical\" href=\"https:\/\/andreiromanenko.com\/es\/\" \/>\n<meta property=\"og:locale\" content=\"es_ES\" \/>\n<meta property=\"og:type\" content=\"article\" \/>\n<meta property=\"og:title\" content=\"immigration attorney | San Francisco | Andrei Romanenko\" \/>\n<meta property=\"og:description\" content=\"Andrei Romanenko is a Board Certified Immigration Specialist in San Francisco, a member of the California Bar practicing in all 50 states\" \/>\n<meta property=\"og:url\" content=\"https:\/\/andreiromanenko.com\/es\/\" \/>\n<meta property=\"og:site_name\" content=\"Abogado Andrei Romanenko\" \/>\n<meta property=\"article:publisher\" content=\"https:\/\/www.facebook.com\/ramanenka\" \/>\n<meta property=\"article:modified_time\" content=\"2025-10-03T16:07:50+00:00\" \/>\n<meta property=\"og:image\" content=\"https:\/\/andreiromanenko.com\/wp-content\/uploads\/2022\/08\/ar-photo.jpeg\" \/>\n<meta name=\"twitter:card\" content=\"summary_large_image\" \/>\n<meta name=\"twitter:label1\" content=\"Tiempo de lectura\" \/>\n\t<meta name=\"twitter:data1\" content=\"36 minutos\" \/>\n<script type=\"application\/ld+json\" class=\"yoast-schema-graph\">{\"@context\":\"https:\\\/\\\/schema.org\",\"@graph\":[{\"@type\":\"WebPage\",\"@id\":\"https:\\\/\\\/andreiromanenko.com\\\/es\\\/\",\"url\":\"https:\\\/\\\/andreiromanenko.com\\\/es\\\/\",\"name\":\"immigration attorney | San Francisco | Andrei Romanenko\",\"isPartOf\":{\"@id\":\"https:\\\/\\\/andreiromanenko.com\\\/es\\\/#website\"},\"primaryImageOfPage\":{\"@id\":\"https:\\\/\\\/andreiromanenko.com\\\/es\\\/#primaryimage\"},\"image\":{\"@id\":\"https:\\\/\\\/andreiromanenko.com\\\/#primaryimage\"},\"thumbnailUrl\":\"https:\\\/\\\/andreiromanenko.com\\\/wp-content\\\/uploads\\\/2022\\\/08\\\/ar-photo.jpeg\",\"datePublished\":\"2012-09-30T23:37:54+00:00\",\"dateModified\":\"2025-10-03T16:07:50+00:00\",\"description\":\"Andrei Romanenko is a Board Certified Immigration Specialist in San Francisco, a member of the California Bar practicing in all 50 states\",\"inLanguage\":\"es\",\"potentialAction\":[{\"@type\":\"ReadAction\",\"target\":[[\"https:\\\/\\\/andreiromanenko.com\\\/es\\\/\"]]}]},{\"@type\":\"ImageObject\",\"inLanguage\":\"es\",\"@id\":\"https:\\\/\\\/andreiromanenko.com\\\/es\\\/#primaryimage\",\"url\":\"https:\\\/\\\/andreiromanenko.com\\\/wp-content\\\/uploads\\\/2022\\\/08\\\/ar-photo.jpeg\",\"contentUrl\":\"https:\\\/\\\/andreiromanenko.com\\\/wp-content\\\/uploads\\\/2022\\\/08\\\/ar-photo.jpeg\"},{\"@type\":\"WebSite\",\"@id\":\"https:\\\/\\\/andreiromanenko.com\\\/es\\\/#website\",\"url\":\"https:\\\/\\\/andreiromanenko.com\\\/es\\\/\",\"name\":\"Abogado Andrei Romanenko\",\"description\":\"\",\"potentialAction\":[{\"@type\":\"SearchAction\",\"target\":{\"@type\":\"EntryPoint\",\"urlTemplate\":\"https:\\\/\\\/andreiromanenko.com\\\/es\\\/?s={search_term_string}\"},\"query-input\":{\"@type\":\"PropertyValueSpecification\",\"valueRequired\":true,\"valueName\":\"search_term_string\"}}],\"inLanguage\":\"es\"}]}<\/script>\n<!-- \/ Yoast SEO plugin. -->","yoast_head_json":{"title":"immigration attorney | San Francisco | Andrei Romanenko","description":"Andrei Romanenko is a Board Certified Immigration Specialist in San Francisco, a member of the California Bar practicing in all 50 states","robots":{"index":"index","follow":"follow","max-snippet":"max-snippet:-1","max-image-preview":"max-image-preview:large","max-video-preview":"max-video-preview:-1"},"canonical":"https:\/\/andreiromanenko.com\/es\/","og_locale":"es_ES","og_type":"article","og_title":"immigration attorney | San Francisco | Andrei Romanenko","og_description":"Andrei Romanenko is a Board Certified Immigration Specialist in San Francisco, a member of the California Bar practicing in all 50 states","og_url":"https:\/\/andreiromanenko.com\/es\/","og_site_name":"Abogado Andrei Romanenko","article_publisher":"https:\/\/www.facebook.com\/ramanenka","article_modified_time":"2025-10-03T16:07:50+00:00","og_image":[{"url":"https:\/\/andreiromanenko.com\/wp-content\/uploads\/2022\/08\/ar-photo.jpeg","type":"","width":"","height":""}],"twitter_card":"summary_large_image","twitter_misc":{"Tiempo de lectura":"36 minutos"},"schema":{"@context":"https:\/\/schema.org","@graph":[{"@type":"WebPage","@id":"https:\/\/andreiromanenko.com\/es\/","url":"https:\/\/andreiromanenko.com\/es\/","name":"immigration attorney | San Francisco | Andrei Romanenko","isPartOf":{"@id":"https:\/\/andreiromanenko.com\/es\/#website"},"primaryImageOfPage":{"@id":"https:\/\/andreiromanenko.com\/es\/#primaryimage"},"image":{"@id":"https:\/\/andreiromanenko.com\/#primaryimage"},"thumbnailUrl":"https:\/\/andreiromanenko.com\/wp-content\/uploads\/2022\/08\/ar-photo.jpeg","datePublished":"2012-09-30T23:37:54+00:00","dateModified":"2025-10-03T16:07:50+00:00","description":"Andrei Romanenko is a Board Certified Immigration Specialist in San Francisco, a member of the California Bar practicing in all 50 states","inLanguage":"es","potentialAction":[{"@type":"ReadAction","target":[["https:\/\/andreiromanenko.com\/es\/"]]}]},{"@type":"ImageObject","inLanguage":"es","@id":"https:\/\/andreiromanenko.com\/es\/#primaryimage","url":"https:\/\/andreiromanenko.com\/wp-content\/uploads\/2022\/08\/ar-photo.jpeg","contentUrl":"https:\/\/andreiromanenko.com\/wp-content\/uploads\/2022\/08\/ar-photo.jpeg"},{"@type":"WebSite","@id":"https:\/\/andreiromanenko.com\/es\/#website","url":"https:\/\/andreiromanenko.com\/es\/","name":"Abogado Andrei Romanenko","description":"","potentialAction":[{"@type":"SearchAction","target":{"@type":"EntryPoint","urlTemplate":"https:\/\/andreiromanenko.com\/es\/?s={search_term_string}"},"query-input":{"@type":"PropertyValueSpecification","valueRequired":true,"valueName":"search_term_string"}}],"inLanguage":"es"}]}},"jetpack_sharing_enabled":true,"_links":{"self":[{"href":"https:\/\/andreiromanenko.com\/es\/wp-json\/wp\/v2\/pages\/51","targetHints":{"allow":["GET"]}}],"collection":[{"href":"https:\/\/andreiromanenko.com\/es\/wp-json\/wp\/v2\/pages"}],"about":[{"href":"https:\/\/andreiromanenko.com\/es\/wp-json\/wp\/v2\/types\/page"}],"author":[{"embeddable":true,"href":"https:\/\/andreiromanenko.com\/es\/wp-json\/wp\/v2\/users\/2"}],"replies":[{"embeddable":true,"href":"https:\/\/andreiromanenko.com\/es\/wp-json\/wp\/v2\/comments?post=51"}],"version-history":[{"count":195,"href":"https:\/\/andreiromanenko.com\/es\/wp-json\/wp\/v2\/pages\/51\/revisions"}],"predecessor-version":[{"id":9462,"href":"https:\/\/andreiromanenko.com\/es\/wp-json\/wp\/v2\/pages\/51\/revisions\/9462"}],"wp:attachment":[{"href":"https:\/\/andreiromanenko.com\/es\/wp-json\/wp\/v2\/media?parent=51"}],"curies":[{"name":"wp","href":"https:\/\/api.w.org\/{rel}","templated":true}]}}