{"id":490,"date":"2012-12-31T08:07:02","date_gmt":"2012-12-31T08:07:02","guid":{"rendered":"http:\/\/localhost\/?page_id=490"},"modified":"2026-04-04T17:24:18","modified_gmt":"2026-04-05T00:24:18","slug":"contact-us","status":"publish","type":"page","link":"https:\/\/andreiromanenko.com\/es\/contact-us\/","title":{"rendered":"Cont\u00e1ctenos"},"content":{"rendered":"<p><\/p>\n<h1><span style=\"font-family: verdana, geneva, sans-serif;\"><span style=\"font-size: 12pt;\"><strong>Oficina de\u00a0<\/strong><\/span><span style=\"font-size: 12pt;\"><strong>Andrei Romanenko<\/strong><\/span><\/span><\/h1>\n<address>\n<address><a href=\"https:\/\/maps.app.goo.gl\/1PzQHYQmCwr7mfCP8\"><span style=\"font-family: verdana, geneva;\"><b>1777 N. California Blvd. Suite 300<\/b><\/span><\/a><\/address>\n<address><a href=\"https:\/\/maps.app.goo.gl\/1PzQHYQmCwr7mfCP8\"><span style=\"font-family: verdana, geneva; font-size: 12pt;\"><span style=\"font-family: verdana, geneva;\"><b>Walnut Creek, CA 94596<\/b><\/span><\/span><\/a><\/address>\n<\/address>\n<address><span style=\"font-family: verdana, geneva; font-size: 14px;\">\u00a0<\/span><\/address>\n<address><span style=\"font-family: verdana, geneva; font-size: 12pt;\"><strong>tel: \u00a0 \u00a0 \u00a0 (415) 997-8144<\/strong><\/span><\/address>\n<address><span style=\"font-size: 12pt; font-family: verdana, geneva;\"><strong>correo:\u00a0<a href=\"mailto:andreiromanenko@gmail.com\">andreiromanenko@gmail.com<\/a><\/strong><\/span><\/address>\n<p>&nbsp;<\/p>\n\n<p><span style=\"font-family: verdana, geneva, sans-serif; font-size: 12pt;\">Estamos abiertos de lunes a viernes con cita previa de 10 am a 6:00 pm. Consulta por telefono puede ser programada para el s\u00e1bado o el domingo.<\/span><\/p>\n<p><span style=\"font-family: verdana, geneva, sans-serif; font-size: 12pt;\">Nuestro tiempo en San Francisco en este momento: 02:28<\/span><\/p>\n<p><iframe loading=\"lazy\" title=\"google map\" src=\"https:\/\/maps.google.com\/maps?f=q&amp;source=s_q&amp;hl=en&amp;geocode=&amp;q=500+Sutter+St%E2%80%8E+Unit+823+San+Francisco,+CA+94102&amp;aq=&amp;sll=38.438858,-122.745103&amp;sspn=0.010488,0.02193&amp;ie=UTF8&amp;hq=&amp;hnear=500+Sutter+St,+San+Francisco,+California+94102&amp;t=m&amp;ll=37.794932,-122.401772&amp;spn=0.023738,0.036478&amp;z=14&amp;iwloc=A&amp;output=embed\" width=\"425\" height=\"350\" frameborder=\"0\" marginwidth=\"0\" marginheight=\"0\" scrolling=\"no\"><\/iframe> <small><a style=\"color: #0000ff; text-align: left;\" href=\"https:\/\/maps.google.com\/maps?f=q&amp;source=embed&amp;hl=en&amp;geocode=&amp;q=500+Sutter+St%E2%80%8E+Unit+823+San+Francisco,+CA+94102&amp;aq=&amp;sll=38.438858,-122.745103&amp;sspn=0.010488,0.02193&amp;ie=UTF8&amp;hq=&amp;hnear=500+Sutter+St,+San+Francisco,+California+94102&amp;t=m&amp;ll=37.794932,-122.401772&amp;spn=0.023738,0.036478&amp;z=14&amp;iwloc=A\">View Larger Map<\/a><\/small><\/p>\n<p><span style=\"font-family: verdana, geneva, sans-serif; font-size: 12pt;\">El siguiente calendario muestra las citas ya tomadas.\u00a0Por favor,<\/span><br \/>\n<span style=\"font-family: verdana, geneva, sans-serif; font-size: 12pt;\">encontrar un espacio vac\u00edo y llame para programar una cita.<\/span><\/p>\n<p><span style=\"font-family: verdana, geneva, sans-serif; font-size: 12pt;\">La informaci\u00f3n sobre las formas de pago y el costo de<\/span><br \/>\n<span style=\"font-family: verdana, geneva, sans-serif; font-size: 12pt;\">consulta con un abogado de inmigraci\u00f3n se puede encontrar <a href=\"http:\/\/www.andreiromanenko.com\/es\/consulta-con-el-abogado-de-inmigracion\/\">aqu\u00ed<\/a>.<\/span><\/p>\n<p><iframe loading=\"lazy\" title=\"google map\" src=\"https:\/\/www.google.com\/calendar\/embed?showPrint=0&amp;showCalendars=0&amp;mode=WEEK&amp;height=300&amp;wkst=2&amp;bgcolor=%23ffffff&amp;src=andreiromanenko@gmail.com&amp;color=%232F6309&amp;ctz=America%2FLos_Angeles\" width=\"500\" height=\"500\" frameborder=\"0\" scrolling=\"no\"><\/iframe><\/p>\n<h2><strong><span style=\"font-family: verdana, geneva, sans-serif; font-size: 12pt;\">D\u00f3nde estacionar cerca de nuestra oficina en Walnut Creek<\/span><\/strong><\/h2>\n<p><span style=\"font-family: verdana, geneva, sans-serif;\">Hay estacionamiento para los visitantes de la oficina 300 cerca del edificio. Esta marcado con numero 300.\u00a0<\/span><\/p>\n<h1><strong><span style=\"font-family: verdana, geneva, sans-serif; font-size: 12pt;\">El costo de la consulta inicial con un abogado de inmigraci\u00f3n<\/span><\/strong><\/h1>\n<p><span style=\"font-family: verdana, geneva, sans-serif; font-size: 12pt;\">Cobramos $200 para una consulta inicial con un abogado de inmigraci\u00f3n por tel\u00e9fono o por google meet. Consulta inicial suele ir para un m\u00e1ximo de media hora. Si el cliente tiene algunas preguntas de seguimiento, el abogado de inmigraci\u00f3n responder\u00e1 a las preguntas por escrito por e-mail sin cargo adicional. Para una consulta presencial en nuestra oficina en Walnut Creek el abogado cobra $300.<\/span><\/p>\n<p><span style=\"font-family: verdana, geneva, sans-serif; font-size: 12pt;\">El abogado de inmigraci\u00f3n se reserva el derecho de dar una primera consulta gratuita. Lo hacemos en casos excepcionales, \u00fanicamente a discreci\u00f3n del abogado.<\/span><\/p>\n<h2><span style=\"font-family: verdana, geneva, sans-serif; font-size: 12pt;\"><strong>Las opciones de pago para una consulta con el abogado de inmigraci\u00f3n<\/strong><\/span><\/h2>\n<p><span style=\"font-family: verdana, geneva, sans-serif; font-size: 12pt;\">Se aceptan pagos en efectivo para las consultas con el abogado de inmigraci\u00f3n en la oficina. Tambi\u00e9n aceptamos todas las tarjetas de cr\u00e9dito como Visa, MasterCard, Discover, American Express. No podemos aceptar Visa Electron.<\/span><\/p>\n<h2><span style=\"font-family: verdana, geneva, sans-serif; font-size: 12pt;\"><strong>Las opciones de pago para una consulta por telefono<\/strong><\/span><\/h2>\n<p><span style=\"font-family: verdana, geneva, sans-serif; font-size: 12pt;\">Necesitamos un pago por adelantado para una consulta por telefono con el abogado de inmigraci\u00f3n. Aceptamos el pago por Zelle, Venmo, con una tarjeta de cr\u00e9dito o d\u00e9bito o PayPal.<\/span><\/p>\n<p><a href=\"https:\/\/i0.wp.com\/www.andreiromanenko.com\/wp-content\/uploads\/2015\/08\/creditcards.png\"><img data-recalc-dims=\"1\" loading=\"lazy\" decoding=\"async\" class=\"size-medium wp-image-3359 alignnone\" src=\"https:\/\/i0.wp.com\/www.andreiromanenko.com\/wp-content\/uploads\/2015\/08\/creditcards-300x189.png?resize=300%2C189\" alt=\"\u043a\u0440\u0435\u0434\u0438\u0442\u043d\u044b\u0435 \u043a\u0430\u0440\u0442\u044b\" width=\"300\" height=\"189\" srcset=\"https:\/\/i0.wp.com\/andreiromanenko.com\/wp-content\/uploads\/2015\/08\/creditcards.png?resize=300%2C189&amp;ssl=1 300w, https:\/\/i0.wp.com\/andreiromanenko.com\/wp-content\/uploads\/2015\/08\/creditcards.png?w=406&amp;ssl=1 406w\" sizes=\"auto, (max-width: 300px) 100vw, 300px\" \/><\/a><\/p>\n<p><span style=\"font-family: verdana, geneva, sans-serif; font-size: 12pt;\">El abogado de inmigraci\u00f3n necesitar\u00e1 la siguiente informaci\u00f3n para aceptar un pago con tarjeta de cr\u00e9dito o d\u00e9bito:<\/span><\/p>\n<ol>\n<li><span style=\"font-family: verdana, geneva, sans-serif; font-size: 12pt;\">Diecis\u00e9is d\u00edgitos de la tarjeta de cr\u00e9dito o d\u00e9bito<\/span><\/li>\n<li><span style=\"font-family: verdana, geneva, sans-serif; font-size: 12pt;\">La fecha de caducidad de la tarjeta<\/span><\/li>\n<li><span style=\"font-family: verdana, geneva, sans-serif; font-size: 12pt;\">c\u00f3digo CVV (tres d\u00edgitos en el reverso de la tarjeta en el panel de firma)<\/span><\/li>\n<li><span style=\"font-family: verdana, geneva, sans-serif; font-size: 12pt;\">Su c\u00f3digo postal de facturaci\u00f3n<\/span><\/li>\n<\/ol>\n<p><span style=\"font-size: 12pt; font-family: verdana, geneva, sans-serif;\">Estamos utilizando\u00a0<a title=\"Square\" href=\"http:\/\/www.squareup.com\">Square<\/a> para tomar su pago con tarjeta de cr\u00e9dito. Por razones de seguridad no guardamos la informaci\u00f3n de su tarjeta de cr\u00e9dito despu\u00e9s de tomar el pago.<\/span><\/p>\n<p><span style=\"font-size: 12pt; font-family: verdana, geneva, sans-serif;\">Su estado de cuenta de tarjeta de cr\u00e9dito mostrar\u00e1 un cargo de $207 y el nombre del abogado de inmigraci\u00f3n.<\/span><\/p>\n<p><a href=\"https:\/\/i0.wp.com\/www.andreiromanenko.com\/wp-content\/uploads\/2015\/08\/paypal.png\"><img data-recalc-dims=\"1\" loading=\"lazy\" decoding=\"async\" class=\"size-medium wp-image-3368 alignnone\" src=\"https:\/\/i0.wp.com\/www.andreiromanenko.com\/wp-content\/uploads\/2015\/08\/paypal-300x97.png?resize=300%2C97\" alt=\"paypal\" width=\"300\" height=\"97\" srcset=\"https:\/\/i0.wp.com\/andreiromanenko.com\/wp-content\/uploads\/2015\/08\/paypal.png?resize=300%2C97&amp;ssl=1 300w, https:\/\/i0.wp.com\/andreiromanenko.com\/wp-content\/uploads\/2015\/08\/paypal.png?resize=1024%2C333&amp;ssl=1 1024w, https:\/\/i0.wp.com\/andreiromanenko.com\/wp-content\/uploads\/2015\/08\/paypal.png?w=1256&amp;ssl=1 1256w\" sizes=\"auto, (max-width: 300px) 100vw, 300px\" \/><\/a><\/p>\n<p><span style=\"font-size: 12pt; font-family: verdana, geneva, sans-serif;\">Para un pago por Paypal, el abogado de inmigraci\u00f3n le proporcionar\u00e1 un correo electr\u00f3nico conectado a su cuenta de PayPal.<\/span><\/p>\n<h2><span style=\"font-family: verdana, geneva, sans-serif;\"><strong><span style=\"font-size: 12pt;\">Western Union y\u00a0MoneyGram<\/span><\/strong><\/span><\/h2>\n<p><span style=\"font-size: 12pt; font-family: verdana, geneva;\"><a href=\"https:\/\/i0.wp.com\/www.andreiromanenko.com\/wp-content\/uploads\/2015\/08\/westernunion.jpg\"><img data-recalc-dims=\"1\" loading=\"lazy\" decoding=\"async\" class=\" size-medium wp-image-3370 alignnone\" src=\"https:\/\/i0.wp.com\/www.andreiromanenko.com\/wp-content\/uploads\/2015\/08\/westernunion-300x51.jpg?resize=300%2C51\" alt=\"Western Union\" width=\"300\" height=\"51\" srcset=\"https:\/\/i0.wp.com\/andreiromanenko.com\/wp-content\/uploads\/2015\/08\/westernunion.jpg?resize=300%2C51&amp;ssl=1 300w, https:\/\/i0.wp.com\/andreiromanenko.com\/wp-content\/uploads\/2015\/08\/westernunion.jpg?resize=1024%2C175&amp;ssl=1 1024w, https:\/\/i0.wp.com\/andreiromanenko.com\/wp-content\/uploads\/2015\/08\/westernunion.jpg?w=1600&amp;ssl=1 1600w\" sizes=\"auto, (max-width: 300px) 100vw, 300px\" \/><\/a><\/span><\/p>\n<p><span style=\"font-family: verdana, geneva, sans-serif; font-size: 12pt;\">En casos raros cuando un cliente no tenga una tarjeta de cr\u00e9dito o una cuenta de Paypal, el abogado de inmigraci\u00f3n aceptar\u00e1 una transferencia bancaria de $200 a trav\u00e9s de Western Union o MoneyGram.<\/span><\/p>\n<p><span style=\"font-family: verdana, geneva, sans-serif; font-size: 12pt;\">Por favor, p\u00f3ngase en contacto con el abogado de inmigraci\u00f3n de antemano por la informaci\u00f3n requerida para la transferencia bancaria. Tendr\u00e1 que darnos una MTCN antes de programar una consulta Skype.<\/span><\/p>\n<p><\/p>","protected":false},"excerpt":{"rendered":"<p>Oficina de\u00a0Andrei Romanenko 1777 N. California Blvd. Suite 300 Walnut Creek, CA 94596 \u00a0 tel: \u00a0 \u00a0 \u00a0 (415) 997-8144 correo:\u00a0andreiromanenko@gmail.com &nbsp; Estamos abiertos de lunes a viernes con cita previa de 10 am a 6:00 pm. Consulta por telefono puede ser programada para el s\u00e1bado o el domingo. Nuestro tiempo en San Francisco en&#8230;<\/p>\n","protected":false},"author":2,"featured_media":0,"parent":0,"menu_order":0,"comment_status":"open","ping_status":"closed","template":"","meta":{"_kad_post_transparent":"default","_kad_post_title":"default","_kad_post_layout":"default","_kad_post_sidebar_id":"","_kad_post_content_style":"default","_kad_post_vertical_padding":"default","_kad_post_feature":"","_kad_post_feature_position":"","_kad_post_header":false,"_kad_post_footer":false,"_kad_post_classname":"","footnotes":""},"class_list":["post-490","page","type-page","status-publish","hentry"],"yoast_head":"<!-- This site is optimized with the Yoast SEO plugin v27.4 - https:\/\/yoast.com\/product\/yoast-seo-wordpress\/ -->\n<title>Immigration Office in San Francisco, attorney Andrei Romanenko<\/title>\n<meta name=\"description\" content=\"Contact immigration office of Andrei Romanenko in San Francisco. We are open Monday through Friday by appointment only from 9 a.m. to 6 p.m.\" \/>\n<meta name=\"robots\" content=\"index, follow, max-snippet:-1, max-image-preview:large, max-video-preview:-1\" \/>\n<link rel=\"canonical\" href=\"https:\/\/andreiromanenko.com\/es\/contact-us\/\" \/>\n<meta property=\"og:locale\" content=\"es_ES\" \/>\n<meta property=\"og:type\" content=\"article\" \/>\n<meta property=\"og:title\" content=\"Immigration Office in San Francisco, attorney Andrei Romanenko\" \/>\n<meta property=\"og:description\" content=\"Contact immigration office of Andrei Romanenko in San Francisco. We are open Monday through Friday by appointment only from 9 a.m. to 6 p.m.\" \/>\n<meta property=\"og:url\" content=\"https:\/\/andreiromanenko.com\/es\/contact-us\/\" \/>\n<meta property=\"og:site_name\" content=\"Abogado Andrei Romanenko\" \/>\n<meta property=\"article:publisher\" content=\"https:\/\/www.facebook.com\/ramanenka\" \/>\n<meta property=\"article:modified_time\" content=\"2026-04-05T00:24:18+00:00\" \/>\n<meta property=\"og:image\" content=\"http:\/\/www.andreiromanenko.com\/wp-content\/uploads\/2015\/08\/creditcards-300x189.png\" \/>\n<meta name=\"twitter:card\" content=\"summary_large_image\" \/>\n<meta name=\"twitter:label1\" content=\"Tiempo de lectura\" \/>\n\t<meta name=\"twitter:data1\" content=\"8 minutos\" \/>\n<script type=\"application\/ld+json\" class=\"yoast-schema-graph\">{\"@context\":\"https:\\\/\\\/schema.org\",\"@graph\":[{\"@type\":\"WebPage\",\"@id\":\"https:\\\/\\\/andreiromanenko.com\\\/es\\\/contact-us\\\/\",\"url\":\"https:\\\/\\\/andreiromanenko.com\\\/es\\\/contact-us\\\/\",\"name\":\"Immigration Office in San Francisco, attorney Andrei Romanenko\",\"isPartOf\":{\"@id\":\"https:\\\/\\\/andreiromanenko.com\\\/es\\\/#website\"},\"primaryImageOfPage\":{\"@id\":\"https:\\\/\\\/andreiromanenko.com\\\/es\\\/contact-us\\\/#primaryimage\"},\"image\":{\"@id\":\"https:\\\/\\\/andreiromanenko.com\\\/contact-us\\\/#primaryimage\"},\"thumbnailUrl\":\"http:\\\/\\\/www.andreiromanenko.com\\\/wp-content\\\/uploads\\\/2015\\\/08\\\/creditcards-300x189.png\",\"datePublished\":\"2012-12-31T08:07:02+00:00\",\"dateModified\":\"2026-04-05T00:24:18+00:00\",\"description\":\"Contact immigration office of Andrei Romanenko in San Francisco. We are open Monday through Friday by appointment only from 9 a.m. to 6 p.m.\",\"inLanguage\":\"es\",\"potentialAction\":[{\"@type\":\"ReadAction\",\"target\":[[\"https:\\\/\\\/andreiromanenko.com\\\/es\\\/contact-us\\\/\"]]}]},{\"@type\":\"ImageObject\",\"inLanguage\":\"es\",\"@id\":\"https:\\\/\\\/andreiromanenko.com\\\/es\\\/contact-us\\\/#primaryimage\",\"url\":\"http:\\\/\\\/www.andreiromanenko.com\\\/wp-content\\\/uploads\\\/2015\\\/08\\\/creditcards-300x189.png\",\"contentUrl\":\"http:\\\/\\\/www.andreiromanenko.com\\\/wp-content\\\/uploads\\\/2015\\\/08\\\/creditcards-300x189.png\"},{\"@type\":\"WebSite\",\"@id\":\"https:\\\/\\\/andreiromanenko.com\\\/es\\\/#website\",\"url\":\"https:\\\/\\\/andreiromanenko.com\\\/es\\\/\",\"name\":\"Abogado Andrei Romanenko\",\"description\":\"\",\"potentialAction\":[{\"@type\":\"SearchAction\",\"target\":{\"@type\":\"EntryPoint\",\"urlTemplate\":\"https:\\\/\\\/andreiromanenko.com\\\/es\\\/?s={search_term_string}\"},\"query-input\":{\"@type\":\"PropertyValueSpecification\",\"valueRequired\":true,\"valueName\":\"search_term_string\"}}],\"inLanguage\":\"es\"}]}<\/script>\n<!-- \/ Yoast SEO plugin. -->","yoast_head_json":{"title":"Immigration Office in San Francisco, attorney Andrei Romanenko","description":"Contact immigration office of Andrei Romanenko in San Francisco. We are open Monday through Friday by appointment only from 9 a.m. to 6 p.m.","robots":{"index":"index","follow":"follow","max-snippet":"max-snippet:-1","max-image-preview":"max-image-preview:large","max-video-preview":"max-video-preview:-1"},"canonical":"https:\/\/andreiromanenko.com\/es\/contact-us\/","og_locale":"es_ES","og_type":"article","og_title":"Immigration Office in San Francisco, attorney Andrei Romanenko","og_description":"Contact immigration office of Andrei Romanenko in San Francisco. We are open Monday through Friday by appointment only from 9 a.m. to 6 p.m.","og_url":"https:\/\/andreiromanenko.com\/es\/contact-us\/","og_site_name":"Abogado Andrei Romanenko","article_publisher":"https:\/\/www.facebook.com\/ramanenka","article_modified_time":"2026-04-05T00:24:18+00:00","og_image":[{"url":"http:\/\/www.andreiromanenko.com\/wp-content\/uploads\/2015\/08\/creditcards-300x189.png","type":"","width":"","height":""}],"twitter_card":"summary_large_image","twitter_misc":{"Tiempo de lectura":"8 minutos"},"schema":{"@context":"https:\/\/schema.org","@graph":[{"@type":"WebPage","@id":"https:\/\/andreiromanenko.com\/es\/contact-us\/","url":"https:\/\/andreiromanenko.com\/es\/contact-us\/","name":"Immigration Office in San Francisco, attorney Andrei Romanenko","isPartOf":{"@id":"https:\/\/andreiromanenko.com\/es\/#website"},"primaryImageOfPage":{"@id":"https:\/\/andreiromanenko.com\/es\/contact-us\/#primaryimage"},"image":{"@id":"https:\/\/andreiromanenko.com\/contact-us\/#primaryimage"},"thumbnailUrl":"http:\/\/www.andreiromanenko.com\/wp-content\/uploads\/2015\/08\/creditcards-300x189.png","datePublished":"2012-12-31T08:07:02+00:00","dateModified":"2026-04-05T00:24:18+00:00","description":"Contact immigration office of Andrei Romanenko in San Francisco. We are open Monday through Friday by appointment only from 9 a.m. to 6 p.m.","inLanguage":"es","potentialAction":[{"@type":"ReadAction","target":[["https:\/\/andreiromanenko.com\/es\/contact-us\/"]]}]},{"@type":"ImageObject","inLanguage":"es","@id":"https:\/\/andreiromanenko.com\/es\/contact-us\/#primaryimage","url":"http:\/\/www.andreiromanenko.com\/wp-content\/uploads\/2015\/08\/creditcards-300x189.png","contentUrl":"http:\/\/www.andreiromanenko.com\/wp-content\/uploads\/2015\/08\/creditcards-300x189.png"},{"@type":"WebSite","@id":"https:\/\/andreiromanenko.com\/es\/#website","url":"https:\/\/andreiromanenko.com\/es\/","name":"Abogado Andrei Romanenko","description":"","potentialAction":[{"@type":"SearchAction","target":{"@type":"EntryPoint","urlTemplate":"https:\/\/andreiromanenko.com\/es\/?s={search_term_string}"},"query-input":{"@type":"PropertyValueSpecification","valueRequired":true,"valueName":"search_term_string"}}],"inLanguage":"es"}]}},"jetpack_sharing_enabled":true,"_links":{"self":[{"href":"https:\/\/andreiromanenko.com\/es\/wp-json\/wp\/v2\/pages\/490","targetHints":{"allow":["GET"]}}],"collection":[{"href":"https:\/\/andreiromanenko.com\/es\/wp-json\/wp\/v2\/pages"}],"about":[{"href":"https:\/\/andreiromanenko.com\/es\/wp-json\/wp\/v2\/types\/page"}],"author":[{"embeddable":true,"href":"https:\/\/andreiromanenko.com\/es\/wp-json\/wp\/v2\/users\/2"}],"replies":[{"embeddable":true,"href":"https:\/\/andreiromanenko.com\/es\/wp-json\/wp\/v2\/comments?post=490"}],"version-history":[{"count":222,"href":"https:\/\/andreiromanenko.com\/es\/wp-json\/wp\/v2\/pages\/490\/revisions"}],"predecessor-version":[{"id":9517,"href":"https:\/\/andreiromanenko.com\/es\/wp-json\/wp\/v2\/pages\/490\/revisions\/9517"}],"wp:attachment":[{"href":"https:\/\/andreiromanenko.com\/es\/wp-json\/wp\/v2\/media?parent=490"}],"curies":[{"name":"wp","href":"https:\/\/api.w.org\/{rel}","templated":true}]}}