{"id":440,"date":"2012-10-25T10:25:02","date_gmt":"2012-10-25T10:25:02","guid":{"rendered":"http:\/\/localhost\/?page_id=440&#038;lang=en"},"modified":"2020-12-26T20:40:55","modified_gmt":"2020-12-27T04:40:55","slug":"whenneed_immigration_attorney","status":"publish","type":"page","link":"https:\/\/andreiromanenko.com\/es\/whenneed_immigration_attorney\/","title":{"rendered":"\u00bfCu\u00e1ndo se necesita un abogado?"},"content":{"rendered":"<p><\/p>\n<p><span style=\"font-family: verdana, geneva; font-size: 14px;\"><img data-recalc-dims=\"1\" loading=\"lazy\" decoding=\"async\" class=\"alignleft\" src=\"https:\/\/i0.wp.com\/www.andreiromanenko.com\/wp-content\/uploads\/2012\/10\/attorney-slider11.jpg?resize=334%2C192\" alt=\"\" width=\"334\" height=\"192\" \/>\u00bfQu\u00e9 puede hacer un abogado de inmigraci\u00f3n en su caso? Muchos inmigrantes que vienen a los EE.UU. no est\u00e1n familiarizados con las leyes de inmigraci\u00f3n y buscan consejo de amigos, parientes, traductores, o notarios. A menudo no reciben la informaci\u00f3n correcta y, como resultado, se enfrentan a serios problemas en el futuro cuando se ajustan de estatus, aplican para la ciudadan\u00eda, o petici\u00f3nan de sus familiares&#8211;se encuentran en proceso de deportaci\u00f3n, se les niegan la visa.\u00a0Haga clic aqu\u00ed para aprender c\u00f3mo evitar estafas y el mal consejo de inmigraci\u00f3n.<\/span><\/p>\n<p><span style=\"font-family: verdana, geneva; font-size: 14px;\">Mucha gente piensa que para obtener un beneficio de inmigraci\u00f3n uno s\u00f3lo debe llenar un formulario, adjuntar los documentos justificativos, y pagar las cuotas de presentaci\u00f3n. Esta creencia es err\u00f3nea. Con el fin de no perjudicar con sus consejos, uno debe conocer las leyes de inmigraci\u00f3n y la historia de la inmigraci\u00f3n del cliente. El hecho de que el consejero ha vivido en Estados Unidos durante muchos a\u00f1os, que habla con fluidez en Ingl\u00e9s, o ha pasado por los tr\u00e1mites de inmigraci\u00f3n similar no es garant\u00eda de que su consejo no le har\u00e1 da\u00f1o. Antes de proceder con un consejero sin licencia, tambi\u00e9n conocido como \u00abnotario\u00bb, piensa bien en los problemas que pueda enfrentar en el futuro.<\/span><\/p>\n<p><span style=\"font-family: verdana, geneva; font-size: 14px;\">Un abogado de inmigraci\u00f3n es responsable de sus acciones. Un consejo equivocado puede costar le su licencia de abogado y su reputaci\u00f3n. Un abogado puede ser demandado por negligencia profesional, un caso de inmigraci\u00f3n perdido por un abogado puede ser reabierto debido a negligencia. Incluso aquellos que han sido deportados pueden beneficiarse de haber visto a un abogado en el primer lugar. Un abogado de inmigraci\u00f3n sigue las leyes que cambian constantemente, conoce los errores b\u00e1sicos que los clientes hacen con frecuencia.<\/span><\/p>\n<p><span style=\"font-family: verdana, geneva; font-size: 14px;\">Muchas veces una consulta legal no cuesta mucho dinero. Muchos abogados cobran unos cien d\u00f3lares por una consulta y algunos dan consultas gratuitas. Abogados de inmigraci\u00f3n son conscientes de que muchos clientes han llegado recientemente a los Estados Unidos, no tienen mucho dinero y puestos de trabajo bien remunerados. Un abogado de inmigraci\u00f3n puede ofrecer pagos mensuales e incluso tomar algunos casos convincentes pro bono (gratis).<\/span><\/p>\n<p><span style=\"font-family: verdana, geneva; font-size: 14px;\">Ciertamente, no todo el mundo tiene que consultar a un abogado. Llenar una solicitud de permiso de trabajo, el visado, la solicitud de un pasaporte de EE.UU. o un documento de viaje para refugiados se puede hacer por uno mismo. En el peor de los casos si hace algo mal, sus documentos ser\u00e1n devueltos, su caso ser\u00e1 retrasado o negado y usted perder\u00e1 la cuota de presentaci\u00f3n. En algunos casos, la contrataci\u00f3n de un abogado no es necesaria, pero se debe consultar a un abogado antes de enviar por correo las solicitudes completas.<\/span><\/p>\n<p><span style=\"font-family: verdana, geneva; font-size: 14px;\">Muchos consejeros aseguran que los inmigrantes no necesiten un abogado en la entrevista de asilo pol\u00edtico, por ejemplo. Ellos dicen que es suficiente venir con un traductor a la entrevista. Eso no es cierto. Un abogado no s\u00f3lo toma notas de todo lo que sucede durante la entrevista, pero tambi\u00e9n hace preguntas al final, ayuda al oficial de comprender cuestiones complejas, hace un argumento final, supervisa la calidad de la traducci\u00f3n, puede detener la entrevista o llamar a un gerente.<\/span><\/p>\n<p><span style=\"font-family: verdana, geneva; font-size: 14px;\">Si usted reciba un Aviso de Comparecencia, si su caso es remitido a la Corte de Inmigraci\u00f3n, usted est\u00e1 aplicando para una tarjeta verde o la ciudadan\u00eda, usted debe consultar con un abogado de inmigraci\u00f3n. Uno hace su elecci\u00f3n para buscar ayuda legal o no. Algunas personas se acercan a sus casos de manera responsable, otros esperan para la buena suerte. Los resultados en general corresponden a los costos y esfuerzos invertidos.<\/span><\/p>\n<p>&nbsp;<\/p>\n<p><\/p>","protected":false},"excerpt":{"rendered":"<p>\u00bfQu\u00e9 puede hacer un abogado de inmigraci\u00f3n en su caso? Muchos inmigrantes que vienen a los EE.UU. no est\u00e1n familiarizados con las leyes de inmigraci\u00f3n y buscan consejo de amigos, parientes, traductores, o notarios. A menudo no reciben la informaci\u00f3n correcta y, como resultado, se enfrentan a serios problemas en el futuro cuando se ajustan&#8230;<\/p>\n","protected":false},"author":2,"featured_media":0,"parent":0,"menu_order":0,"comment_status":"open","ping_status":"closed","template":"","meta":{"_kad_post_transparent":"","_kad_post_title":"","_kad_post_layout":"","_kad_post_sidebar_id":"","_kad_post_content_style":"","_kad_post_vertical_padding":"","_kad_post_feature":"","_kad_post_feature_position":"","_kad_post_header":false,"_kad_post_footer":false,"_kad_post_classname":"","footnotes":""},"class_list":["post-440","page","type-page","status-publish","hentry"],"yoast_head":"<!-- This site is optimized with the Yoast SEO plugin v27.4 - https:\/\/yoast.com\/product\/yoast-seo-wordpress\/ -->\n<title>When do you need an immigration attorney? \u0417\u0430\u0447\u0435\u043c \u043d\u0443\u0436\u0435\u043d \u0438\u043c\u043c\u0438\u0433\u0440\u0430\u0446\u0438\u043e\u043d\u043d\u044b\u0439 \u0430\u0434\u0432\u043e\u043a\u0430\u0442?<\/title>\n<meta name=\"description\" content=\"When do you need an immigration attorney? \u0427\u0435\u043c \u043c\u043e\u0436\u0435\u0442 \u043f\u043e\u043c\u043e\u0447\u044c \u0438\u043c\u043c\u0438\u0433\u0440\u0430\u0446\u0438\u043e\u043d\u043d\u044b\u0439 \u0430\u0434\u0432\u043e\u043a\u0430\u0442 \u0438 \u0441\u0442\u043e\u0438\u0442 \u043b\u0438 \u043a \u043d\u0435\u043c\u0443 \u043e\u0431\u0440\u0430\u0449\u0430\u0442\u044c\u0441\u044f? \u00bfQu\u00e9 puede hacer un abogado en su caso?\" \/>\n<meta name=\"robots\" content=\"index, follow, max-snippet:-1, max-image-preview:large, max-video-preview:-1\" \/>\n<link rel=\"canonical\" href=\"https:\/\/andreiromanenko.com\/es\/whenneed_immigration_attorney\/\" \/>\n<meta property=\"og:locale\" content=\"es_ES\" \/>\n<meta property=\"og:type\" content=\"article\" \/>\n<meta property=\"og:title\" content=\"When do you need an immigration attorney? \u0417\u0430\u0447\u0435\u043c \u043d\u0443\u0436\u0435\u043d \u0438\u043c\u043c\u0438\u0433\u0440\u0430\u0446\u0438\u043e\u043d\u043d\u044b\u0439 \u0430\u0434\u0432\u043e\u043a\u0430\u0442?\" \/>\n<meta property=\"og:description\" content=\"When do you need an immigration attorney? \u0427\u0435\u043c \u043c\u043e\u0436\u0435\u0442 \u043f\u043e\u043c\u043e\u0447\u044c \u0438\u043c\u043c\u0438\u0433\u0440\u0430\u0446\u0438\u043e\u043d\u043d\u044b\u0439 \u0430\u0434\u0432\u043e\u043a\u0430\u0442 \u0438 \u0441\u0442\u043e\u0438\u0442 \u043b\u0438 \u043a \u043d\u0435\u043c\u0443 \u043e\u0431\u0440\u0430\u0449\u0430\u0442\u044c\u0441\u044f? \u00bfQu\u00e9 puede hacer un abogado en su caso?\" \/>\n<meta property=\"og:url\" content=\"https:\/\/andreiromanenko.com\/es\/whenneed_immigration_attorney\/\" \/>\n<meta property=\"og:site_name\" content=\"Abogado Andrei Romanenko\" \/>\n<meta property=\"article:publisher\" content=\"https:\/\/www.facebook.com\/ramanenka\" \/>\n<meta property=\"article:modified_time\" content=\"2020-12-27T04:40:55+00:00\" \/>\n<meta property=\"og:image\" content=\"http:\/\/www.andreiromanenko.com\/wp-content\/uploads\/2012\/10\/attorney-slider11.jpg\" \/>\n<meta name=\"twitter:card\" content=\"summary_large_image\" \/>\n<meta name=\"twitter:label1\" content=\"Tiempo de lectura\" \/>\n\t<meta name=\"twitter:data1\" content=\"7 minutos\" \/>\n<script type=\"application\/ld+json\" class=\"yoast-schema-graph\">{\"@context\":\"https:\\\/\\\/schema.org\",\"@graph\":[{\"@type\":\"WebPage\",\"@id\":\"https:\\\/\\\/andreiromanenko.com\\\/es\\\/whenneed_immigration_attorney\\\/\",\"url\":\"https:\\\/\\\/andreiromanenko.com\\\/es\\\/whenneed_immigration_attorney\\\/\",\"name\":\"When do you need an immigration attorney? \u0417\u0430\u0447\u0435\u043c \u043d\u0443\u0436\u0435\u043d \u0438\u043c\u043c\u0438\u0433\u0440\u0430\u0446\u0438\u043e\u043d\u043d\u044b\u0439 \u0430\u0434\u0432\u043e\u043a\u0430\u0442?\",\"isPartOf\":{\"@id\":\"https:\\\/\\\/andreiromanenko.com\\\/es\\\/#website\"},\"primaryImageOfPage\":{\"@id\":\"https:\\\/\\\/andreiromanenko.com\\\/es\\\/whenneed_immigration_attorney\\\/#primaryimage\"},\"image\":{\"@id\":\"https:\\\/\\\/andreiromanenko.com\\\/ru\\\/whenneed_immigration_attorney\\\/#primaryimage\"},\"thumbnailUrl\":\"http:\\\/\\\/www.andreiromanenko.com\\\/wp-content\\\/uploads\\\/2012\\\/10\\\/attorney-slider11.jpg\",\"datePublished\":\"2012-10-25T10:25:02+00:00\",\"dateModified\":\"2020-12-27T04:40:55+00:00\",\"description\":\"When do you need an immigration attorney? \u0427\u0435\u043c \u043c\u043e\u0436\u0435\u0442 \u043f\u043e\u043c\u043e\u0447\u044c \u0438\u043c\u043c\u0438\u0433\u0440\u0430\u0446\u0438\u043e\u043d\u043d\u044b\u0439 \u0430\u0434\u0432\u043e\u043a\u0430\u0442 \u0438 \u0441\u0442\u043e\u0438\u0442 \u043b\u0438 \u043a \u043d\u0435\u043c\u0443 \u043e\u0431\u0440\u0430\u0449\u0430\u0442\u044c\u0441\u044f? \u00bfQu\u00e9 puede hacer un abogado en su caso?\",\"inLanguage\":\"es\",\"potentialAction\":[{\"@type\":\"ReadAction\",\"target\":[[\"https:\\\/\\\/andreiromanenko.com\\\/es\\\/whenneed_immigration_attorney\\\/\"]]}]},{\"@type\":\"ImageObject\",\"inLanguage\":\"es\",\"@id\":\"https:\\\/\\\/andreiromanenko.com\\\/es\\\/whenneed_immigration_attorney\\\/#primaryimage\",\"url\":\"http:\\\/\\\/www.andreiromanenko.com\\\/wp-content\\\/uploads\\\/2012\\\/10\\\/attorney-slider11.jpg\",\"contentUrl\":\"http:\\\/\\\/www.andreiromanenko.com\\\/wp-content\\\/uploads\\\/2012\\\/10\\\/attorney-slider11.jpg\"},{\"@type\":\"WebSite\",\"@id\":\"https:\\\/\\\/andreiromanenko.com\\\/es\\\/#website\",\"url\":\"https:\\\/\\\/andreiromanenko.com\\\/es\\\/\",\"name\":\"Abogado Andrei Romanenko\",\"description\":\"\",\"potentialAction\":[{\"@type\":\"SearchAction\",\"target\":{\"@type\":\"EntryPoint\",\"urlTemplate\":\"https:\\\/\\\/andreiromanenko.com\\\/es\\\/?s={search_term_string}\"},\"query-input\":{\"@type\":\"PropertyValueSpecification\",\"valueRequired\":true,\"valueName\":\"search_term_string\"}}],\"inLanguage\":\"es\"}]}<\/script>\n<!-- \/ Yoast SEO plugin. -->","yoast_head_json":{"title":"When do you need an immigration attorney? \u0417\u0430\u0447\u0435\u043c \u043d\u0443\u0436\u0435\u043d \u0438\u043c\u043c\u0438\u0433\u0440\u0430\u0446\u0438\u043e\u043d\u043d\u044b\u0439 \u0430\u0434\u0432\u043e\u043a\u0430\u0442?","description":"When do you need an immigration attorney? \u0427\u0435\u043c \u043c\u043e\u0436\u0435\u0442 \u043f\u043e\u043c\u043e\u0447\u044c \u0438\u043c\u043c\u0438\u0433\u0440\u0430\u0446\u0438\u043e\u043d\u043d\u044b\u0439 \u0430\u0434\u0432\u043e\u043a\u0430\u0442 \u0438 \u0441\u0442\u043e\u0438\u0442 \u043b\u0438 \u043a \u043d\u0435\u043c\u0443 \u043e\u0431\u0440\u0430\u0449\u0430\u0442\u044c\u0441\u044f? \u00bfQu\u00e9 puede hacer un abogado en su caso?","robots":{"index":"index","follow":"follow","max-snippet":"max-snippet:-1","max-image-preview":"max-image-preview:large","max-video-preview":"max-video-preview:-1"},"canonical":"https:\/\/andreiromanenko.com\/es\/whenneed_immigration_attorney\/","og_locale":"es_ES","og_type":"article","og_title":"When do you need an immigration attorney? \u0417\u0430\u0447\u0435\u043c \u043d\u0443\u0436\u0435\u043d \u0438\u043c\u043c\u0438\u0433\u0440\u0430\u0446\u0438\u043e\u043d\u043d\u044b\u0439 \u0430\u0434\u0432\u043e\u043a\u0430\u0442?","og_description":"When do you need an immigration attorney? \u0427\u0435\u043c \u043c\u043e\u0436\u0435\u0442 \u043f\u043e\u043c\u043e\u0447\u044c \u0438\u043c\u043c\u0438\u0433\u0440\u0430\u0446\u0438\u043e\u043d\u043d\u044b\u0439 \u0430\u0434\u0432\u043e\u043a\u0430\u0442 \u0438 \u0441\u0442\u043e\u0438\u0442 \u043b\u0438 \u043a \u043d\u0435\u043c\u0443 \u043e\u0431\u0440\u0430\u0449\u0430\u0442\u044c\u0441\u044f? \u00bfQu\u00e9 puede hacer un abogado en su caso?","og_url":"https:\/\/andreiromanenko.com\/es\/whenneed_immigration_attorney\/","og_site_name":"Abogado Andrei Romanenko","article_publisher":"https:\/\/www.facebook.com\/ramanenka","article_modified_time":"2020-12-27T04:40:55+00:00","og_image":[{"url":"http:\/\/www.andreiromanenko.com\/wp-content\/uploads\/2012\/10\/attorney-slider11.jpg","type":"","width":"","height":""}],"twitter_card":"summary_large_image","twitter_misc":{"Tiempo de lectura":"7 minutos"},"schema":{"@context":"https:\/\/schema.org","@graph":[{"@type":"WebPage","@id":"https:\/\/andreiromanenko.com\/es\/whenneed_immigration_attorney\/","url":"https:\/\/andreiromanenko.com\/es\/whenneed_immigration_attorney\/","name":"When do you need an immigration attorney? \u0417\u0430\u0447\u0435\u043c \u043d\u0443\u0436\u0435\u043d \u0438\u043c\u043c\u0438\u0433\u0440\u0430\u0446\u0438\u043e\u043d\u043d\u044b\u0439 \u0430\u0434\u0432\u043e\u043a\u0430\u0442?","isPartOf":{"@id":"https:\/\/andreiromanenko.com\/es\/#website"},"primaryImageOfPage":{"@id":"https:\/\/andreiromanenko.com\/es\/whenneed_immigration_attorney\/#primaryimage"},"image":{"@id":"https:\/\/andreiromanenko.com\/ru\/whenneed_immigration_attorney\/#primaryimage"},"thumbnailUrl":"http:\/\/www.andreiromanenko.com\/wp-content\/uploads\/2012\/10\/attorney-slider11.jpg","datePublished":"2012-10-25T10:25:02+00:00","dateModified":"2020-12-27T04:40:55+00:00","description":"When do you need an immigration attorney? \u0427\u0435\u043c \u043c\u043e\u0436\u0435\u0442 \u043f\u043e\u043c\u043e\u0447\u044c \u0438\u043c\u043c\u0438\u0433\u0440\u0430\u0446\u0438\u043e\u043d\u043d\u044b\u0439 \u0430\u0434\u0432\u043e\u043a\u0430\u0442 \u0438 \u0441\u0442\u043e\u0438\u0442 \u043b\u0438 \u043a \u043d\u0435\u043c\u0443 \u043e\u0431\u0440\u0430\u0449\u0430\u0442\u044c\u0441\u044f? \u00bfQu\u00e9 puede hacer un abogado en su caso?","inLanguage":"es","potentialAction":[{"@type":"ReadAction","target":[["https:\/\/andreiromanenko.com\/es\/whenneed_immigration_attorney\/"]]}]},{"@type":"ImageObject","inLanguage":"es","@id":"https:\/\/andreiromanenko.com\/es\/whenneed_immigration_attorney\/#primaryimage","url":"http:\/\/www.andreiromanenko.com\/wp-content\/uploads\/2012\/10\/attorney-slider11.jpg","contentUrl":"http:\/\/www.andreiromanenko.com\/wp-content\/uploads\/2012\/10\/attorney-slider11.jpg"},{"@type":"WebSite","@id":"https:\/\/andreiromanenko.com\/es\/#website","url":"https:\/\/andreiromanenko.com\/es\/","name":"Abogado Andrei Romanenko","description":"","potentialAction":[{"@type":"SearchAction","target":{"@type":"EntryPoint","urlTemplate":"https:\/\/andreiromanenko.com\/es\/?s={search_term_string}"},"query-input":{"@type":"PropertyValueSpecification","valueRequired":true,"valueName":"search_term_string"}}],"inLanguage":"es"}]}},"jetpack_sharing_enabled":true,"_links":{"self":[{"href":"https:\/\/andreiromanenko.com\/es\/wp-json\/wp\/v2\/pages\/440","targetHints":{"allow":["GET"]}}],"collection":[{"href":"https:\/\/andreiromanenko.com\/es\/wp-json\/wp\/v2\/pages"}],"about":[{"href":"https:\/\/andreiromanenko.com\/es\/wp-json\/wp\/v2\/types\/page"}],"author":[{"embeddable":true,"href":"https:\/\/andreiromanenko.com\/es\/wp-json\/wp\/v2\/users\/2"}],"replies":[{"embeddable":true,"href":"https:\/\/andreiromanenko.com\/es\/wp-json\/wp\/v2\/comments?post=440"}],"version-history":[{"count":54,"href":"https:\/\/andreiromanenko.com\/es\/wp-json\/wp\/v2\/pages\/440\/revisions"}],"predecessor-version":[{"id":9263,"href":"https:\/\/andreiromanenko.com\/es\/wp-json\/wp\/v2\/pages\/440\/revisions\/9263"}],"wp:attachment":[{"href":"https:\/\/andreiromanenko.com\/es\/wp-json\/wp\/v2\/media?parent=440"}],"curies":[{"name":"wp","href":"https:\/\/api.w.org\/{rel}","templated":true}]}}