{"id":3357,"date":"2015-08-28T16:40:03","date_gmt":"2015-08-28T23:40:03","guid":{"rendered":"http:\/\/www.andreiromanenko.com\/?page_id=3357"},"modified":"2025-09-22T00:29:34","modified_gmt":"2025-09-22T07:29:34","slug":"%d0%ba%d0%be%d0%bd%d1%81%d1%83%d0%bb%d1%8c%d1%82%d0%b0%d1%86%d0%b8%d1%8f-%d0%b0%d0%b4%d0%b2%d0%be%d0%ba%d0%b0%d1%82%d0%b0","status":"publish","type":"page","link":"https:\/\/andreiromanenko.com\/es\/%d0%ba%d0%be%d0%bd%d1%81%d1%83%d0%bb%d1%8c%d1%82%d0%b0%d1%86%d0%b8%d1%8f-%d0%b0%d0%b4%d0%b2%d0%be%d0%ba%d0%b0%d1%82%d0%b0\/","title":{"rendered":"La consulta con el abogado de inmigraci\u00f3n"},"content":{"rendered":"<p><\/p>\n<h1><strong><span style=\"font-family: verdana, geneva, sans-serif; font-size: 12pt;\">El costo de la consulta inicial con un abogado de inmigraci\u00f3n<\/span><\/strong><\/h1>\n<p><span style=\"font-family: verdana, geneva, sans-serif; font-size: 12pt;\">Estamos abiertos de lunes a viernes con cita previa de 10 am a 6:00 pm. Consulta por telefono puede ser programada para el d\u00eda laborable o s\u00e1bado o el domingo.<\/span><\/p>\n<p><span style=\"font-family: verdana, geneva, sans-serif; font-size: 12pt;\">El siguiente calendario muestra las citas ya tomadas.\u00a0Por favor, encontrar un espacio vac\u00edo y llame para programar una cita. Nuestro tiempo en San Francisco en este momento: 14:19<\/span><\/p>\n<p><iframe loading=\"lazy\" title=\"google calendar\" src=\"https:\/\/www.google.com\/calendar\/embed?showPrint=0&amp;showCalendars=0&amp;mode=WEEK&amp;height=300&amp;wkst=2&amp;bgcolor=%23ffffff&amp;src=andreiromanenko@gmail.com&amp;color=%232F6309&amp;ctz=America%2FLos_Angeles\" width=\"500\" height=\"500\" frameborder=\"0\" scrolling=\"no\"><\/iframe><\/p>\n<h2><strong><span style=\"font-family: verdana, geneva, sans-serif; font-size: 12pt;\">D\u00f3nde estacionar cerca de nuestra oficina en Walnut Creek<\/span><\/strong><\/h2>\n<p><span style=\"font-family: verdana, geneva, sans-serif;\">Hay estacionamiento para los visitantes de la oficina 300 cerca del edificio. Esta marcado con numero 300.\u00a0<\/span><\/p>\n<h1><strong><span style=\"font-family: verdana, geneva, sans-serif; font-size: 12pt;\">El costo de la consulta inicial con un abogado de inmigraci\u00f3n<\/span><\/strong><\/h1>\n<p><span style=\"font-family: verdana, geneva, sans-serif; font-size: 12pt;\">Cobramos $200 para una consulta inicial con un abogado de inmigraci\u00f3n por tel\u00e9fono o por google meet. Consulta inicial suele ir para un m\u00e1ximo de media hora. Si el cliente tiene algunas preguntas de seguimiento, el abogado de inmigraci\u00f3n responder\u00e1 a las preguntas por escrito por e-mail sin cargo adicional. Para una consulta presencial en nuestra oficina en Walnut Creek el abogado cobra $300.<\/span><\/p>\n<p><span style=\"font-family: verdana, geneva, sans-serif; font-size: 12pt;\">El abogado de inmigraci\u00f3n se reserva el derecho de dar una primera consulta gratuita. Lo hacemos en casos excepcionales, \u00fanicamente a discreci\u00f3n del abogado.<\/span><\/p>\n\n<p><span style=\"font-family: verdana, geneva, sans-serif; font-size: 12pt;\">El abogado de inmigraci\u00f3n no ofrece consultas gratuitas en este momento.<\/span><\/p>\n<h2><span style=\"font-family: verdana, geneva, sans-serif; font-size: 12pt;\"><strong>Las opciones de pago para una consulta con el abogado de inmigraci\u00f3n<\/strong><\/span><\/h2>\n<p><span style=\"font-family: verdana, geneva, sans-serif; font-size: 12pt;\">Se aceptan pagos en efectivo para las consultas con el abogado de inmigraci\u00f3n en la oficina. Tambi\u00e9n aceptamos todas las tarjetas de cr\u00e9dito como Visa, MasterCard, Discover, American Express. No podemos aceptar Visa Electron.<\/span><\/p>\n<h2><span style=\"font-family: verdana, geneva, sans-serif; font-size: 12pt;\"><strong>Las opciones de pago para una consulta por telefono<\/strong><\/span><\/h2>\n<p><span style=\"font-family: verdana, geneva, sans-serif; font-size: 12pt;\">Necesitamos un pago por adelantado para una consulta por telefono con el abogado de inmigraci\u00f3n. Vamos a aceptar el pago durante la llamada si est\u00e1 pagando con una tarjeta de cr\u00e9dito o d\u00e9bito o Paypal.<\/span><\/p>\n<p><a href=\"https:\/\/i0.wp.com\/www.andreiromanenko.com\/wp-content\/uploads\/2015\/08\/creditcards.png?ssl=1\"><img data-recalc-dims=\"1\" loading=\"lazy\" decoding=\"async\" class=\"size-medium wp-image-3359 alignnone\" src=\"https:\/\/i0.wp.com\/www.andreiromanenko.com\/wp-content\/uploads\/2015\/08\/creditcards-300x189.png?resize=300%2C189&#038;ssl=1\" alt=\"\u043a\u0440\u0435\u0434\u0438\u0442\u043d\u044b\u0435 \u043a\u0430\u0440\u0442\u044b\" width=\"300\" height=\"189\" srcset=\"https:\/\/i0.wp.com\/andreiromanenko.com\/wp-content\/uploads\/2015\/08\/creditcards.png?resize=300%2C189&amp;ssl=1 300w, https:\/\/i0.wp.com\/andreiromanenko.com\/wp-content\/uploads\/2015\/08\/creditcards.png?w=406&amp;ssl=1 406w\" sizes=\"auto, (max-width: 300px) 100vw, 300px\" \/><\/a><\/p>\n<p><span style=\"font-family: verdana, geneva, sans-serif; font-size: 12pt;\">El abogado de inmigraci\u00f3n necesitar\u00e1 la siguiente informaci\u00f3n para aceptar un pago con tarjeta de cr\u00e9dito o d\u00e9bito a trav\u00e9s de Skype:<\/span><\/p>\n<ol>\n<li><span style=\"font-family: verdana, geneva, sans-serif; font-size: 12pt;\">Diecis\u00e9is d\u00edgitos de la tarjeta de cr\u00e9dito o d\u00e9bito<\/span><\/li>\n<li><span style=\"font-family: verdana, geneva, sans-serif; font-size: 12pt;\">La fecha de caducidad de la tarjeta<\/span><\/li>\n<li><span style=\"font-family: verdana, geneva, sans-serif; font-size: 12pt;\">c\u00f3digo CVV (tres d\u00edgitos en el reverso de la tarjeta en el panel de firma)<\/span><\/li>\n<li><span style=\"font-family: verdana, geneva, sans-serif; font-size: 12pt;\">Su c\u00f3digo postal de facturaci\u00f3n<\/span><\/li>\n<\/ol>\n<p><span style=\"font-size: 12pt; font-family: verdana, geneva, sans-serif;\">Estamos utilizando\u00a0<a title=\"Square\" href=\"https:\/\/www.squareup.com\">Square<\/a> para tomar su pago con tarjeta de cr\u00e9dito. Por razones de seguridad no guardamos la informaci\u00f3n de su tarjeta de cr\u00e9dito despu\u00e9s de tomar el pago. Puede hacer el <a href=\"https:\/\/link.waveapps.com\/snjcpf-fyfn8m\">pago con tarjeta aqu\u00ed<\/a>.\u00a0<\/span><\/p>\n<p><span style=\"font-size: 12pt; font-family: verdana, geneva, sans-serif;\">Su estado de cuenta de tarjeta de cr\u00e9dito mostrar\u00e1 un cargo de $207 y el nombre del abogado de inmigraci\u00f3n.<\/span><\/p>\n<p><a href=\"https:\/\/i0.wp.com\/www.andreiromanenko.com\/wp-content\/uploads\/2015\/08\/paypal.png?ssl=1\"><img data-recalc-dims=\"1\" loading=\"lazy\" decoding=\"async\" class=\"alignnone wp-image-3368 size-medium\" src=\"https:\/\/i0.wp.com\/www.andreiromanenko.com\/wp-content\/uploads\/2015\/08\/paypal-300x97.png?resize=300%2C97&#038;ssl=1\" alt=\"Consultation with immigration lawyer in San Francisco--paypal\" width=\"300\" height=\"97\" srcset=\"https:\/\/i0.wp.com\/andreiromanenko.com\/wp-content\/uploads\/2015\/08\/paypal.png?resize=300%2C97&amp;ssl=1 300w, https:\/\/i0.wp.com\/andreiromanenko.com\/wp-content\/uploads\/2015\/08\/paypal.png?resize=1024%2C333&amp;ssl=1 1024w, https:\/\/i0.wp.com\/andreiromanenko.com\/wp-content\/uploads\/2015\/08\/paypal.png?w=1256&amp;ssl=1 1256w\" sizes=\"auto, (max-width: 300px) 100vw, 300px\" \/><\/a>\u00a0\u00a0<a href=\"https:\/\/i0.wp.com\/www.andreiromanenko.com\/wp-content\/uploads\/2018\/06\/venmo1.png?ssl=1\"><img data-recalc-dims=\"1\" loading=\"lazy\" decoding=\"async\" class=\"alignnone wp-image-5235 size-full\" src=\"https:\/\/i0.wp.com\/www.andreiromanenko.com\/wp-content\/uploads\/2018\/06\/venmo1.png?resize=239%2C45&#038;ssl=1\" alt=\"Venmo\" width=\"239\" height=\"45\" \/><\/a><\/p>\n<p><span style=\"font-size: 12pt; font-family: verdana, geneva, sans-serif;\">Para un pago por <a href=\"https:\/\/www.paypal.com\">Paypal<\/a> o <a href=\"https:\/\/www.venmo.com\">Venmo<\/a>, el abogado de inmigraci\u00f3n le proporcionar\u00e1 un correo electr\u00f3nico conectado a su cuenta de Paypal o Venmo por telefono.<\/span><\/p>\n<h2><span style=\"font-family: verdana, geneva, sans-serif;\"><strong><span style=\"font-size: 12pt;\">Western Union y\u00a0MoneyGram<\/span><\/strong><\/span><\/h2>\n<p><span style=\"font-size: 12pt; font-family: verdana, geneva;\"><a href=\"https:\/\/i0.wp.com\/www.andreiromanenko.com\/wp-content\/uploads\/2015\/08\/westernunion.jpg?ssl=1\"><img data-recalc-dims=\"1\" loading=\"lazy\" decoding=\"async\" class=\" size-medium wp-image-3370 alignnone\" src=\"https:\/\/i0.wp.com\/www.andreiromanenko.com\/wp-content\/uploads\/2015\/08\/westernunion-300x51.jpg?resize=300%2C51&#038;ssl=1\" alt=\"Western Union\" width=\"300\" height=\"51\" srcset=\"https:\/\/i0.wp.com\/andreiromanenko.com\/wp-content\/uploads\/2015\/08\/westernunion.jpg?resize=300%2C51&amp;ssl=1 300w, https:\/\/i0.wp.com\/andreiromanenko.com\/wp-content\/uploads\/2015\/08\/westernunion.jpg?resize=1024%2C175&amp;ssl=1 1024w, https:\/\/i0.wp.com\/andreiromanenko.com\/wp-content\/uploads\/2015\/08\/westernunion.jpg?w=1600&amp;ssl=1 1600w\" sizes=\"auto, (max-width: 300px) 100vw, 300px\" \/><\/a><\/span><\/p>\n<p><span style=\"font-family: verdana, geneva, sans-serif; font-size: 12pt;\">En casos raros cuando un cliente no tenga una tarjeta de cr\u00e9dito o una cuenta de Paypal, el abogado de inmigraci\u00f3n aceptar\u00e1 una transferencia bancaria de $ 200 a trav\u00e9s de MoneyGram. No podemos aceptar pagos por Western Union.<\/span><\/p>\n<p><span style=\"font-family: verdana, geneva, sans-serif; font-size: 12pt;\">Por favor, p\u00f3ngase en contacto con el abogado de inmigraci\u00f3n de antemano por la informaci\u00f3n requerida para la transferencia bancaria. Tendr\u00e1 que darnos una MTCN antes de programar una consulta Skype.<\/span><\/p>\n<p><\/p>\n<p>&nbsp;<\/p>","protected":false},"excerpt":{"rendered":"<p>El costo de la consulta inicial con un abogado de inmigraci\u00f3n Estamos abiertos de lunes a viernes con cita previa de 10 am a 6:00 pm. Consulta por telefono puede ser programada para el d\u00eda laborable o s\u00e1bado o el domingo. El siguiente calendario muestra las citas ya tomadas.\u00a0Por favor, encontrar un espacio vac\u00edo y&#8230;<\/p>\n","protected":false},"author":2,"featured_media":0,"parent":0,"menu_order":0,"comment_status":"open","ping_status":"closed","template":"","meta":{"_kad_post_transparent":"default","_kad_post_title":"default","_kad_post_layout":"default","_kad_post_sidebar_id":"","_kad_post_content_style":"default","_kad_post_vertical_padding":"default","_kad_post_feature":"","_kad_post_feature_position":"","_kad_post_header":false,"_kad_post_footer":false,"_kad_post_classname":"","footnotes":""},"class_list":["post-3357","page","type-page","status-publish","hentry"],"yoast_head":"<!-- This site is optimized with the Yoast SEO plugin v27.5 - https:\/\/yoast.com\/product\/yoast-seo-wordpress\/ -->\n<title>Consultation with immigration lawyer in San Francisco | $200<\/title>\n<meta name=\"description\" content=\"We charge $200 for initial consultation with immigration lawyer in San Francisco by phone or Skype. Usually the consultation takes 30 minutes\" \/>\n<meta name=\"robots\" content=\"index, follow, max-snippet:-1, max-image-preview:large, max-video-preview:-1\" \/>\n<link rel=\"canonical\" href=\"https:\/\/andreiromanenko.com\/es\/\u043a\u043e\u043d\u0441\u0443\u043b\u044c\u0442\u0430\u0446\u0438\u044f-\u0430\u0434\u0432\u043e\u043a\u0430\u0442\u0430\/\" \/>\n<meta property=\"og:locale\" content=\"es_ES\" \/>\n<meta property=\"og:type\" content=\"article\" \/>\n<meta property=\"og:title\" content=\"Consultation with immigration lawyer in San Francisco | $200\" \/>\n<meta property=\"og:description\" content=\"We charge $200 for initial consultation with immigration lawyer in San Francisco by phone or Skype. Usually the consultation takes 30 minutes\" \/>\n<meta property=\"og:url\" content=\"https:\/\/andreiromanenko.com\/es\/\u043a\u043e\u043d\u0441\u0443\u043b\u044c\u0442\u0430\u0446\u0438\u044f-\u0430\u0434\u0432\u043e\u043a\u0430\u0442\u0430\/\" \/>\n<meta property=\"og:site_name\" content=\"Abogado Andrei Romanenko\" \/>\n<meta property=\"article:publisher\" content=\"https:\/\/www.facebook.com\/ramanenka\" \/>\n<meta property=\"article:modified_time\" content=\"2025-09-22T07:29:34+00:00\" \/>\n<meta property=\"og:image\" content=\"https:\/\/i0.wp.com\/andreiromanenko.com\/wp-content\/uploads\/2015\/08\/creditcards.png?fit=406%2C256&ssl=1\" \/>\n\t<meta property=\"og:image:width\" content=\"406\" \/>\n\t<meta property=\"og:image:height\" content=\"256\" \/>\n\t<meta property=\"og:image:type\" content=\"image\/png\" \/>\n<meta name=\"twitter:card\" content=\"summary_large_image\" \/>\n<meta name=\"twitter:label1\" content=\"Tiempo de lectura\" \/>\n\t<meta name=\"twitter:data1\" content=\"9 minutos\" \/>\n<script type=\"application\/ld+json\" class=\"yoast-schema-graph\">{\"@context\":\"https:\\\/\\\/schema.org\",\"@graph\":[{\"@type\":\"WebPage\",\"@id\":\"https:\\\/\\\/andreiromanenko.com\\\/es\\\/%d0%ba%d0%be%d0%bd%d1%81%d1%83%d0%bb%d1%8c%d1%82%d0%b0%d1%86%d0%b8%d1%8f-%d0%b0%d0%b4%d0%b2%d0%be%d0%ba%d0%b0%d1%82%d0%b0\\\/\",\"url\":\"https:\\\/\\\/andreiromanenko.com\\\/es\\\/%d0%ba%d0%be%d0%bd%d1%81%d1%83%d0%bb%d1%8c%d1%82%d0%b0%d1%86%d0%b8%d1%8f-%d0%b0%d0%b4%d0%b2%d0%be%d0%ba%d0%b0%d1%82%d0%b0\\\/\",\"name\":\"Consultation with immigration lawyer in San Francisco | $200\",\"isPartOf\":{\"@id\":\"https:\\\/\\\/andreiromanenko.com\\\/es\\\/#website\"},\"primaryImageOfPage\":{\"@id\":\"https:\\\/\\\/andreiromanenko.com\\\/es\\\/%d0%ba%d0%be%d0%bd%d1%81%d1%83%d0%bb%d1%8c%d1%82%d0%b0%d1%86%d0%b8%d1%8f-%d0%b0%d0%b4%d0%b2%d0%be%d0%ba%d0%b0%d1%82%d0%b0\\\/#primaryimage\"},\"image\":{\"@id\":\"https:\\\/\\\/andreiromanenko.com\\\/%d0%ba%d0%be%d0%bd%d1%81%d1%83%d0%bb%d1%8c%d1%82%d0%b0%d1%86%d0%b8%d1%8f-%d0%b0%d0%b4%d0%b2%d0%be%d0%ba%d0%b0%d1%82%d0%b0\\\/#primaryimage\"},\"thumbnailUrl\":\"https:\\\/\\\/www.andreiromanenko.com\\\/wp-content\\\/uploads\\\/2015\\\/08\\\/creditcards-300x189.png\",\"datePublished\":\"2015-08-28T23:40:03+00:00\",\"dateModified\":\"2025-09-22T07:29:34+00:00\",\"description\":\"We charge $200 for initial consultation with immigration lawyer in San Francisco by phone or Skype. Usually the consultation takes 30 minutes\",\"inLanguage\":\"es\",\"potentialAction\":[{\"@type\":\"ReadAction\",\"target\":[[\"https:\\\/\\\/andreiromanenko.com\\\/es\\\/%d0%ba%d0%be%d0%bd%d1%81%d1%83%d0%bb%d1%8c%d1%82%d0%b0%d1%86%d0%b8%d1%8f-%d0%b0%d0%b4%d0%b2%d0%be%d0%ba%d0%b0%d1%82%d0%b0\\\/\"]]}]},{\"@type\":\"ImageObject\",\"inLanguage\":\"es\",\"@id\":\"https:\\\/\\\/andreiromanenko.com\\\/es\\\/%d0%ba%d0%be%d0%bd%d1%81%d1%83%d0%bb%d1%8c%d1%82%d0%b0%d1%86%d0%b8%d1%8f-%d0%b0%d0%b4%d0%b2%d0%be%d0%ba%d0%b0%d1%82%d0%b0\\\/#primaryimage\",\"url\":\"https:\\\/\\\/www.andreiromanenko.com\\\/wp-content\\\/uploads\\\/2015\\\/08\\\/creditcards-300x189.png\",\"contentUrl\":\"https:\\\/\\\/www.andreiromanenko.com\\\/wp-content\\\/uploads\\\/2015\\\/08\\\/creditcards-300x189.png\"},{\"@type\":\"WebSite\",\"@id\":\"https:\\\/\\\/andreiromanenko.com\\\/es\\\/#website\",\"url\":\"https:\\\/\\\/andreiromanenko.com\\\/es\\\/\",\"name\":\"Abogado Andrei Romanenko\",\"description\":\"\",\"potentialAction\":[{\"@type\":\"SearchAction\",\"target\":{\"@type\":\"EntryPoint\",\"urlTemplate\":\"https:\\\/\\\/andreiromanenko.com\\\/es\\\/?s={search_term_string}\"},\"query-input\":{\"@type\":\"PropertyValueSpecification\",\"valueRequired\":true,\"valueName\":\"search_term_string\"}}],\"inLanguage\":\"es\"}]}<\/script>\n<!-- \/ Yoast SEO plugin. -->","yoast_head_json":{"title":"Consultation with immigration lawyer in San Francisco | $200","description":"We charge $200 for initial consultation with immigration lawyer in San Francisco by phone or Skype. Usually the consultation takes 30 minutes","robots":{"index":"index","follow":"follow","max-snippet":"max-snippet:-1","max-image-preview":"max-image-preview:large","max-video-preview":"max-video-preview:-1"},"canonical":"https:\/\/andreiromanenko.com\/es\/\u043a\u043e\u043d\u0441\u0443\u043b\u044c\u0442\u0430\u0446\u0438\u044f-\u0430\u0434\u0432\u043e\u043a\u0430\u0442\u0430\/","og_locale":"es_ES","og_type":"article","og_title":"Consultation with immigration lawyer in San Francisco | $200","og_description":"We charge $200 for initial consultation with immigration lawyer in San Francisco by phone or Skype. Usually the consultation takes 30 minutes","og_url":"https:\/\/andreiromanenko.com\/es\/\u043a\u043e\u043d\u0441\u0443\u043b\u044c\u0442\u0430\u0446\u0438\u044f-\u0430\u0434\u0432\u043e\u043a\u0430\u0442\u0430\/","og_site_name":"Abogado Andrei Romanenko","article_publisher":"https:\/\/www.facebook.com\/ramanenka","article_modified_time":"2025-09-22T07:29:34+00:00","og_image":[{"width":406,"height":256,"url":"https:\/\/i0.wp.com\/andreiromanenko.com\/wp-content\/uploads\/2015\/08\/creditcards.png?fit=406%2C256&ssl=1","type":"image\/png"}],"twitter_card":"summary_large_image","twitter_misc":{"Tiempo de lectura":"9 minutos"},"schema":{"@context":"https:\/\/schema.org","@graph":[{"@type":"WebPage","@id":"https:\/\/andreiromanenko.com\/es\/%d0%ba%d0%be%d0%bd%d1%81%d1%83%d0%bb%d1%8c%d1%82%d0%b0%d1%86%d0%b8%d1%8f-%d0%b0%d0%b4%d0%b2%d0%be%d0%ba%d0%b0%d1%82%d0%b0\/","url":"https:\/\/andreiromanenko.com\/es\/%d0%ba%d0%be%d0%bd%d1%81%d1%83%d0%bb%d1%8c%d1%82%d0%b0%d1%86%d0%b8%d1%8f-%d0%b0%d0%b4%d0%b2%d0%be%d0%ba%d0%b0%d1%82%d0%b0\/","name":"Consultation with immigration lawyer in San Francisco | $200","isPartOf":{"@id":"https:\/\/andreiromanenko.com\/es\/#website"},"primaryImageOfPage":{"@id":"https:\/\/andreiromanenko.com\/es\/%d0%ba%d0%be%d0%bd%d1%81%d1%83%d0%bb%d1%8c%d1%82%d0%b0%d1%86%d0%b8%d1%8f-%d0%b0%d0%b4%d0%b2%d0%be%d0%ba%d0%b0%d1%82%d0%b0\/#primaryimage"},"image":{"@id":"https:\/\/andreiromanenko.com\/%d0%ba%d0%be%d0%bd%d1%81%d1%83%d0%bb%d1%8c%d1%82%d0%b0%d1%86%d0%b8%d1%8f-%d0%b0%d0%b4%d0%b2%d0%be%d0%ba%d0%b0%d1%82%d0%b0\/#primaryimage"},"thumbnailUrl":"https:\/\/www.andreiromanenko.com\/wp-content\/uploads\/2015\/08\/creditcards-300x189.png","datePublished":"2015-08-28T23:40:03+00:00","dateModified":"2025-09-22T07:29:34+00:00","description":"We charge $200 for initial consultation with immigration lawyer in San Francisco by phone or Skype. Usually the consultation takes 30 minutes","inLanguage":"es","potentialAction":[{"@type":"ReadAction","target":[["https:\/\/andreiromanenko.com\/es\/%d0%ba%d0%be%d0%bd%d1%81%d1%83%d0%bb%d1%8c%d1%82%d0%b0%d1%86%d0%b8%d1%8f-%d0%b0%d0%b4%d0%b2%d0%be%d0%ba%d0%b0%d1%82%d0%b0\/"]]}]},{"@type":"ImageObject","inLanguage":"es","@id":"https:\/\/andreiromanenko.com\/es\/%d0%ba%d0%be%d0%bd%d1%81%d1%83%d0%bb%d1%8c%d1%82%d0%b0%d1%86%d0%b8%d1%8f-%d0%b0%d0%b4%d0%b2%d0%be%d0%ba%d0%b0%d1%82%d0%b0\/#primaryimage","url":"https:\/\/www.andreiromanenko.com\/wp-content\/uploads\/2015\/08\/creditcards-300x189.png","contentUrl":"https:\/\/www.andreiromanenko.com\/wp-content\/uploads\/2015\/08\/creditcards-300x189.png"},{"@type":"WebSite","@id":"https:\/\/andreiromanenko.com\/es\/#website","url":"https:\/\/andreiromanenko.com\/es\/","name":"Abogado Andrei Romanenko","description":"","potentialAction":[{"@type":"SearchAction","target":{"@type":"EntryPoint","urlTemplate":"https:\/\/andreiromanenko.com\/es\/?s={search_term_string}"},"query-input":{"@type":"PropertyValueSpecification","valueRequired":true,"valueName":"search_term_string"}}],"inLanguage":"es"}]}},"jetpack_sharing_enabled":true,"_links":{"self":[{"href":"https:\/\/andreiromanenko.com\/es\/wp-json\/wp\/v2\/pages\/3357","targetHints":{"allow":["GET"]}}],"collection":[{"href":"https:\/\/andreiromanenko.com\/es\/wp-json\/wp\/v2\/pages"}],"about":[{"href":"https:\/\/andreiromanenko.com\/es\/wp-json\/wp\/v2\/types\/page"}],"author":[{"embeddable":true,"href":"https:\/\/andreiromanenko.com\/es\/wp-json\/wp\/v2\/users\/2"}],"replies":[{"embeddable":true,"href":"https:\/\/andreiromanenko.com\/es\/wp-json\/wp\/v2\/comments?post=3357"}],"version-history":[{"count":55,"href":"https:\/\/andreiromanenko.com\/es\/wp-json\/wp\/v2\/pages\/3357\/revisions"}],"predecessor-version":[{"id":9455,"href":"https:\/\/andreiromanenko.com\/es\/wp-json\/wp\/v2\/pages\/3357\/revisions\/9455"}],"wp:attachment":[{"href":"https:\/\/andreiromanenko.com\/es\/wp-json\/wp\/v2\/media?parent=3357"}],"curies":[{"name":"wp","href":"https:\/\/api.w.org\/{rel}","templated":true}]}}